{"id":6338,"date":"2024-07-03T17:44:35","date_gmt":"2024-07-03T17:44:35","guid":{"rendered":"https:\/\/www.mediconanet.pt\/?post_type=product&#038;p=6338"},"modified":"2026-01-17T14:19:58","modified_gmt":"2026-01-17T14:19:58","slug":"migraine","status":"publish","type":"product","link":"https:\/\/staging.mediconanet.pt\/en\/produto\/enxaqueca\/","title":{"rendered":"Migraine"},"content":{"rendered":"<p>A enxaqueca \u00e9 um tipo de dor de cabe\u00e7a cr\u00f3nica que muitas vezes acompanha outros sintomas, como n\u00e1useas, v\u00f3mitos e sensibilidade \u00e0 luz e ao som.<\/p>\n<p>Esta condi\u00e7\u00e3o pode ser debilitante e afetar a qualidade de vida.<\/p>\n<p>Os sintomas t\u00edpicos incluem dor de cabe\u00e7a pulsante, n\u00e1useas, v\u00f3mitos, sensibilidade \u00e0 luz (fotofobia) e sensibilidade ao som (fonofobia).<\/p>\n<p>Al\u00e9m disso, algumas pessoas experienciam sintomas visuais, conhecidos como aura, antes da dor de cabe\u00e7a.<\/p>\n<p>Embora a causa exata da enxaqueca ainda n\u00e3o seja totalmente compreendida, sabe-se que ela envolve fatores gen\u00e9ticos e desencadeantes, tais como:<\/p>\n<ul>\n<li>certain foods;<\/li>\n<li>hormonal changes;<\/li>\n<li>stress;<\/li>\n<li>others.<\/li>\n<\/ul>\n<p>Considera-se que a enxaqueca seja uma condi\u00e7\u00e3o cr\u00f3nica, mas a intensidade e a frequ\u00eancia dos sintomas podem variar. Algumas pessoas t\u00eam crises espor\u00e1dicas, enquanto outras sofrem de enxaquecas recorrentes.<\/p>\n<p>Para prevenir a enxaqueca, \u00e9 importante identificar e controlar os gatilhos, adotar mudan\u00e7as no estilo de vida e, em alguns casos, tomar medicamentos preventivos.<\/p>\n<p>Oferecemos-lhe um servi\u00e7o de Consulta apoiado num question\u00e1rio, para de forma r\u00e1pida e segura lhe oferecermos um plano para lidar com a sua situa\u00e7\u00e3o.<\/p>\n<p>The treatments that are approved, and in some cases suggested, by our doctors are in line with best practice for Portuguese medicine. Please note, this service is for non-urgent cases.<\/p>\n<p>If you are feeling unwell, please call 112 for urgent emergencies. Alternatively, you can contact SNS 24 for any non-urgent matters too.<\/p>\n<p>If you have questions about your health problem or treatment, we advise you to schedule a\u00a0<span style=\"color: #54cd5e;\"><a style=\"color: #54cd5e;\" href=\"https:\/\/staging.mediconanet.pt\/en\/product\/book-an-appointment-online-by-phone\/\" target=\"_blank\" rel=\"noopener\">Telephone Consultation<\/a><\/span>\u00a0or\u00a0<a href=\"https:\/\/staging.mediconanet.pt\/en\/product\/book-appointments\/\" target=\"_blank\" rel=\"noopener\"><span style=\"color: #54cd5e;\">Video Appointment<\/span><\/a>.<\/p>","protected":false},"excerpt":{"rendered":"<h2 style=\"text-align: center;\">Esta consulta custa 35,00\u20ac.<\/h2>\n<h2 style=\"text-align: center;\">Fill in the form and our doctors will contact you within 24 hours.<\/h2>","protected":false},"featured_media":16002,"template":"","meta":[],"product_brand":[],"product_cat":[68,83],"product_tag":[249],"class_list":{"0":"post-6338","1":"product","2":"type-product","3":"status-publish","4":"has-post-thumbnail","6":"product_cat-medicina-geral","7":"product_cat-renovacao","8":"product_tag-servicos","10":"first","11":"instock","12":"virtual","13":"purchasable","14":"product-type-simple"},"jetpack_sharing_enabled":true,"_links":{"self":[{"href":"https:\/\/staging.mediconanet.pt\/en\/wp-json\/wp\/v2\/product\/6338","targetHints":{"allow":["GET"]}}],"collection":[{"href":"https:\/\/staging.mediconanet.pt\/en\/wp-json\/wp\/v2\/product"}],"about":[{"href":"https:\/\/staging.mediconanet.pt\/en\/wp-json\/wp\/v2\/types\/product"}],"wp:featuredmedia":[{"embeddable":true,"href":"https:\/\/staging.mediconanet.pt\/en\/wp-json\/wp\/v2\/media\/16002"}],"wp:attachment":[{"href":"https:\/\/staging.mediconanet.pt\/en\/wp-json\/wp\/v2\/media?parent=6338"}],"wp:term":[{"taxonomy":"product_brand","embeddable":true,"href":"https:\/\/staging.mediconanet.pt\/en\/wp-json\/wp\/v2\/product_brand?post=6338"},{"taxonomy":"product_cat","embeddable":true,"href":"https:\/\/staging.mediconanet.pt\/en\/wp-json\/wp\/v2\/product_cat?post=6338"},{"taxonomy":"product_tag","embeddable":true,"href":"https:\/\/staging.mediconanet.pt\/en\/wp-json\/wp\/v2\/product_tag?post=6338"}],"curies":[{"name":"wp","href":"https:\/\/api.w.org\/{rel}","templated":true}]}}