{"id":6337,"date":"2024-07-03T17:42:05","date_gmt":"2024-07-03T17:42:05","guid":{"rendered":"https:\/\/www.mediconanet.pt\/?post_type=product&#038;p=6337"},"modified":"2026-01-17T14:06:51","modified_gmt":"2026-01-17T14:06:51","slug":"rosacea","status":"publish","type":"product","link":"https:\/\/staging.mediconanet.pt\/en\/produto\/rosacea\/","title":{"rendered":"Rosacea"},"content":{"rendered":"<p>A ros\u00e1cea, uma condi\u00e7\u00e3o cr\u00f3nica da pele, afeta principalmente o rosto e provoca vermelhid\u00e3o, vasos sangu\u00edneos vis\u00edveis, incha\u00e7o e les\u00f5es semelhantes a espinhas. Os sintomas incluem vermelhid\u00e3o facial persistente, incha\u00e7o, telangiectasias (vasos sangu\u00edneos vis\u00edveis) e les\u00f5es inflamadas.<\/p>\n<p>Embora as causas exatas da ros\u00e1cea permane\u00e7am desconhecidas, fatores gen\u00e9ticos, ambientais e inflamat\u00f3rios desempenham um papel significativo no seu desenvolvimento. Para tratar a ros\u00e1cea, os profissionais de sa\u00fade utilizam cremes t\u00f3picos, antibi\u00f3ticos orais e terapias espec\u00edficas para a pele, ajustando o tratamento \u00e0 gravidade da condi\u00e7\u00e3o.<\/p>\n<p>Al\u00e9m disso, \u00e9 importante identificar e evitar fatores desencadeantes como exposi\u00e7\u00e3o ao sol, alimentos picantes, bebidas alco\u00f3licas, stress e temperaturas extremas.<\/p>\n<p>Embora a ros\u00e1cea n\u00e3o tenha uma cura definitiva, o tratamento m\u00e9dico adequado permite controlar os sintomas de forma eficaz.<\/p>\n<p>&nbsp;<\/p>\n<p>We offer you a Consultation service, where we use a questionnaire to quickly and safely create a personalised plan to deal with your situation.<\/p>\n<p>Our doctors suggest and approve treatments in accordance with the best practices in force in Portugal. This service is intended for non-urgent situations.<\/p>\n<p>If you are not feeling well, call 911 in case of urgency or emergency, or NHS 24 \u2013 808242424 in non-urgent situations.<\/p>\n<p>If you have questions about your health problem or treatment, we advise you to schedule a\u00a0<span style=\"color: #54cd5e;\"><a style=\"color: #54cd5e;\" href=\"https:\/\/staging.mediconanet.pt\/en\/product\/book-an-appointment-online-by-phone\/\" target=\"_blank\" rel=\"noopener\">Telephone Consultation<\/a><\/span>\u00a0or\u00a0<a href=\"https:\/\/staging.mediconanet.pt\/en\/product\/book-appointments\/\" target=\"_blank\" rel=\"noopener\"><span style=\"color: #54cd5e;\">Video Appointment<\/span><\/a>.<\/p>","protected":false},"excerpt":{"rendered":"<h2 style=\"text-align: center;\">Esta consulta custa 35,00\u20ac.<\/h2>\n<h2 style=\"text-align: center;\">Fill in the form and our doctors will contact you within 24 hours.<\/h2>","protected":false},"featured_media":16343,"template":"","meta":[],"product_brand":[],"product_cat":[83,67],"product_tag":[249],"class_list":{"0":"post-6337","1":"product","2":"type-product","3":"status-publish","4":"has-post-thumbnail","6":"product_cat-renovacao","7":"product_cat-saude-da-pele","8":"product_tag-servicos","10":"first","11":"instock","12":"virtual","13":"purchasable","14":"product-type-simple"},"jetpack_sharing_enabled":true,"_links":{"self":[{"href":"https:\/\/staging.mediconanet.pt\/en\/wp-json\/wp\/v2\/product\/6337","targetHints":{"allow":["GET"]}}],"collection":[{"href":"https:\/\/staging.mediconanet.pt\/en\/wp-json\/wp\/v2\/product"}],"about":[{"href":"https:\/\/staging.mediconanet.pt\/en\/wp-json\/wp\/v2\/types\/product"}],"wp:featuredmedia":[{"embeddable":true,"href":"https:\/\/staging.mediconanet.pt\/en\/wp-json\/wp\/v2\/media\/16343"}],"wp:attachment":[{"href":"https:\/\/staging.mediconanet.pt\/en\/wp-json\/wp\/v2\/media?parent=6337"}],"wp:term":[{"taxonomy":"product_brand","embeddable":true,"href":"https:\/\/staging.mediconanet.pt\/en\/wp-json\/wp\/v2\/product_brand?post=6337"},{"taxonomy":"product_cat","embeddable":true,"href":"https:\/\/staging.mediconanet.pt\/en\/wp-json\/wp\/v2\/product_cat?post=6337"},{"taxonomy":"product_tag","embeddable":true,"href":"https:\/\/staging.mediconanet.pt\/en\/wp-json\/wp\/v2\/product_tag?post=6337"}],"curies":[{"name":"wp","href":"https:\/\/api.w.org\/{rel}","templated":true}]}}