{"id":6336,"date":"2024-07-03T17:40:08","date_gmt":"2024-07-03T17:40:08","guid":{"rendered":"https:\/\/www.mediconanet.pt\/?post_type=product&#038;p=6336"},"modified":"2026-01-17T14:11:59","modified_gmt":"2026-01-17T14:11:59","slug":"eczema","status":"publish","type":"product","link":"https:\/\/staging.mediconanet.pt\/en\/produto\/eczema\/","title":{"rendered":"Eczema"},"content":{"rendered":"<p>O eczema, frequentemente chamado de dermatite, inflama e irrita a pele. Esta condi\u00e7\u00e3o se manifesta com sintomas como pele seca, comich\u00e3o intensa, vermelhid\u00e3o e, em casos mais graves, feridas.<\/p>\n<p>Existem v\u00e1rios tipos de eczema, incluindo o at\u00f3pico, o de contacto, o numular e o seborreico. Cada tipo pode apresentar diferentes caracter\u00edsticas e exigir abordagens distintas para tratamento.<\/p>\n<p>Os principais sintomas do eczema incluem pele seca e \u00e1spera, comich\u00e3o constante, erup\u00e7\u00f5es cut\u00e2neas, vermelhid\u00e3o e incha\u00e7o. Em situa\u00e7\u00f5es mais graves, a condi\u00e7\u00e3o pode levar ao desenvolvimento de feridas na pele.<\/p>\n<p>\u00c9 importante destacar que o eczema n\u00e3o \u00e9 contagioso; n\u00e3o se transmite de pessoa para pessoa. A abordagem para o tratamento envolve a aplica\u00e7\u00e3o de cremes ou pomadas t\u00f3picas para aliviar a inflama\u00e7\u00e3o. Al\u00e9m disso, \u00e9 crucial evitar al\u00e9rgenos e irritantes que possam agravar a condi\u00e7\u00e3o. Em alguns casos, pode ser necess\u00e1rio recorrer a tratamentos para controlar os sintomas.<\/p>\n<p>Sem tratamento adequado, o eczema pode piorar com o tempo, tornando o manejo da condi\u00e7\u00e3o mais desafiador. Embora n\u00e3o seja poss\u00edvel prevenir completamente o eczema, voc\u00ea pode reduzir significativamente os sintomas. Manter a pele bem hidratada e evitar conhecidos desencadeantes s\u00e3o estrat\u00e9gias eficazes para minimizar o impacto da condi\u00e7\u00e3o no seu dia a dia.<\/p>\n<p>We offer you a Consultation service, where we use a questionnaire to quickly and safely create a personalised plan to deal with your situation.<\/p>\n<p>Our doctors suggest and approve treatments in accordance with the best practices in force in Portugal. This service is intended for non-urgent situations.<\/p>\n<p>If you are not feeling well, call 911 in case of urgency or emergency, or NHS 24 \u2013 808242424 in non-urgent situations.<\/p>\n<p>If you have questions about your health problem or treatment, we advise you to schedule a\u00a0<span style=\"color: #54cd5e;\"><a style=\"color: #54cd5e;\" href=\"https:\/\/staging.mediconanet.pt\/en\/product\/book-an-appointment-online-by-phone\/\" target=\"_blank\" rel=\"noopener\">Telephone Consultation<\/a><\/span>\u00a0or\u00a0<a href=\"https:\/\/staging.mediconanet.pt\/en\/product\/book-appointments\/\" target=\"_blank\" rel=\"noopener\"><span style=\"color: #54cd5e;\">Video Appointment<\/span><\/a>.<\/p>","protected":false},"excerpt":{"rendered":"<h2 style=\"text-align: center;\">Esta consulta custa 35,00\u20ac.<\/h2>\n<h2 style=\"text-align: center;\">Fill in the form and our doctors will contact you within 24 hours.<\/h2>","protected":false},"featured_media":15834,"template":"","meta":[],"product_brand":[],"product_cat":[83,67],"product_tag":[249],"class_list":{"0":"post-6336","1":"product","2":"type-product","3":"status-publish","4":"has-post-thumbnail","6":"product_cat-renovacao","7":"product_cat-saude-da-pele","8":"product_tag-servicos","10":"first","11":"instock","12":"virtual","13":"purchasable","14":"product-type-simple"},"jetpack_sharing_enabled":true,"_links":{"self":[{"href":"https:\/\/staging.mediconanet.pt\/en\/wp-json\/wp\/v2\/product\/6336","targetHints":{"allow":["GET"]}}],"collection":[{"href":"https:\/\/staging.mediconanet.pt\/en\/wp-json\/wp\/v2\/product"}],"about":[{"href":"https:\/\/staging.mediconanet.pt\/en\/wp-json\/wp\/v2\/types\/product"}],"wp:featuredmedia":[{"embeddable":true,"href":"https:\/\/staging.mediconanet.pt\/en\/wp-json\/wp\/v2\/media\/15834"}],"wp:attachment":[{"href":"https:\/\/staging.mediconanet.pt\/en\/wp-json\/wp\/v2\/media?parent=6336"}],"wp:term":[{"taxonomy":"product_brand","embeddable":true,"href":"https:\/\/staging.mediconanet.pt\/en\/wp-json\/wp\/v2\/product_brand?post=6336"},{"taxonomy":"product_cat","embeddable":true,"href":"https:\/\/staging.mediconanet.pt\/en\/wp-json\/wp\/v2\/product_cat?post=6336"},{"taxonomy":"product_tag","embeddable":true,"href":"https:\/\/staging.mediconanet.pt\/en\/wp-json\/wp\/v2\/product_tag?post=6336"}],"curies":[{"name":"wp","href":"https:\/\/api.w.org\/{rel}","templated":true}]}}