{"id":6335,"date":"2024-07-03T17:36:20","date_gmt":"2024-07-03T17:36:20","guid":{"rendered":"https:\/\/www.mediconanet.pt\/?post_type=product&#038;p=6335"},"modified":"2026-01-17T13:59:18","modified_gmt":"2026-01-17T13:59:18","slug":"psoriasis","status":"publish","type":"product","link":"https:\/\/staging.mediconanet.pt\/en\/produto\/psoriase\/","title":{"rendered":"Psoriasis"},"content":{"rendered":"<p>Psoriasis is a chronic skin disease that causes accelerated growth of skin cells, resulting in scaly, red patches on the surface of the skin.<\/p>\n<p>Symptoms include red patches with scales, itching, pain and sometimes swelling. It can affect any part of the body, including nails and joints.<\/p>\n<p>N\u00e3o \u00e9 contagiosa. N\u00e3o pode ser transmitida de pessoa para pessoa<\/p>\n<p>H\u00e1 v\u00e1rios tipos de psor\u00edase, incluindo em placas, gutata, pustulosa e outros.<\/p>\n<p>Treatment varies depending on severity but includes topical creams, light therapies, oral medications, and biologics.<\/p>\n<p>Os fatores causadores, os seus gatilhos, podem incluir stress, infe\u00e7\u00f5es, les\u00f5es na pele, certos medicamentos e outros fatores.<\/p>\n<p>Na verdade, a psor\u00edase est\u00e1 associada a outras condi\u00e7\u00f5es, como artrite psori\u00e1tica, diabetes e doen\u00e7as cardiovasculares.<\/p>\n<p>Some controlled sun exposure can help, but it must be done carefully and under medical supervision.<\/p>\n<p>Psoriasis can affect nails, joints and even internal organs in severe cases.<\/p>\n<p>&nbsp;<\/p>\n<p>We offer you a Consultation service, where we use a questionnaire to quickly and safely create a personalised plan to deal with your situation.<\/p>\n<p>Our doctors suggest and approve treatments in accordance with the best practices in force in Portugal. This service is intended for non-urgent situations.<\/p>\n<p>If you are not feeling well, call 911 in case of urgency or emergency, or NHS 24 \u2013 808242424 in non-urgent situations.<\/p>\n<p>If you have questions about your health problem or treatment, we advise you to schedule a\u00a0<span style=\"color: #168f8a;\"><a style=\"color: #168f8a;\" href=\"https:\/\/staging.mediconanet.pt\/en\/product\/book-an-appointment-online-by-phone\/\" target=\"_blank\" rel=\"noopener\">Telephone Consultation<\/a><\/span>\u00a0or\u00a0<a href=\"https:\/\/staging.mediconanet.pt\/en\/product\/book-appointments\/\" target=\"_blank\" rel=\"noopener\"><span style=\"color: #168f8a;\">Video Appointment<\/span><\/a>.<\/p>","protected":false},"excerpt":{"rendered":"<h2 style=\"text-align: center;\">Esta consulta custa 35,00\u20ac.<\/h2>\n<h2 style=\"text-align: center;\">Fill in the form and our doctors will contact you within 24 hours.<\/h2>","protected":false},"featured_media":16192,"template":"","meta":[],"product_brand":[],"product_cat":[83,67],"product_tag":[249],"class_list":{"0":"post-6335","1":"product","2":"type-product","3":"status-publish","4":"has-post-thumbnail","6":"product_cat-renovacao","7":"product_cat-saude-da-pele","8":"product_tag-servicos","10":"first","11":"instock","12":"virtual","13":"purchasable","14":"product-type-simple"},"jetpack_sharing_enabled":true,"_links":{"self":[{"href":"https:\/\/staging.mediconanet.pt\/en\/wp-json\/wp\/v2\/product\/6335","targetHints":{"allow":["GET"]}}],"collection":[{"href":"https:\/\/staging.mediconanet.pt\/en\/wp-json\/wp\/v2\/product"}],"about":[{"href":"https:\/\/staging.mediconanet.pt\/en\/wp-json\/wp\/v2\/types\/product"}],"wp:featuredmedia":[{"embeddable":true,"href":"https:\/\/staging.mediconanet.pt\/en\/wp-json\/wp\/v2\/media\/16192"}],"wp:attachment":[{"href":"https:\/\/staging.mediconanet.pt\/en\/wp-json\/wp\/v2\/media?parent=6335"}],"wp:term":[{"taxonomy":"product_brand","embeddable":true,"href":"https:\/\/staging.mediconanet.pt\/en\/wp-json\/wp\/v2\/product_brand?post=6335"},{"taxonomy":"product_cat","embeddable":true,"href":"https:\/\/staging.mediconanet.pt\/en\/wp-json\/wp\/v2\/product_cat?post=6335"},{"taxonomy":"product_tag","embeddable":true,"href":"https:\/\/staging.mediconanet.pt\/en\/wp-json\/wp\/v2\/product_tag?post=6335"}],"curies":[{"name":"wp","href":"https:\/\/api.w.org\/{rel}","templated":true}]}}