{"id":6333,"date":"2024-07-03T17:30:56","date_gmt":"2024-07-03T17:30:56","guid":{"rendered":"https:\/\/www.mediconanet.pt\/?post_type=product&#038;p=6333"},"modified":"2026-01-17T14:21:49","modified_gmt":"2026-01-17T14:21:49","slug":"facial-hair","status":"publish","type":"product","link":"https:\/\/staging.mediconanet.pt\/en\/produto\/pelos-faciais\/","title":{"rendered":"Facial Hair"},"content":{"rendered":"<p>Facial hair is a natural feature of the human body, in both men and women. They are influenced by genetic and hormonal factors.<\/p>\n<p>\u00c9 normal as mulheres terem pelos faciais. No entanto, em algumas situa\u00e7\u00f5es, o crescimento excessivo de pelos faciais pode ser um sinal de desequil\u00edbrios hormonais ou outras condi\u00e7\u00f5es m\u00e9dicas.<\/p>\n<p>Existem v\u00e1rias op\u00e7\u00f5es para remover pelos faciais, incluindo depila\u00e7\u00e3o a cera, l\u00e2mina, creme depilat\u00f3rio, depila\u00e7\u00e3o a laser e eletr\u00f3lise.<\/p>\n<p>A escolha do m\u00e9todo depende das prefer\u00eancias pessoais e das necessidades individuais.<\/p>\n<p>Alguns m\u00e9todos de remo\u00e7\u00e3o de pelos faciais, como a depila\u00e7\u00e3o a laser e a eletr\u00f3lise, podem proporcionar resultados a longo prazo ou permanentes.<\/p>\n<p>No entanto, a maioria dos m\u00e9todos \u00e9 tempor\u00e1ria e os pelos crescem novamente.<\/p>\n<p>Excessive facial hair growth in women, known as hirsutism, can be caused by hormonal imbalances, polycystic ovarian syndrome (PCOS), use of certain medications, and other medical conditions.<\/p>\n<p>&nbsp;<\/p>\n<p>We offer you a Consultation service, where we use a questionnaire to quickly and safely create a personalised plan to deal with your situation.<\/p>\n<p>Our doctors suggest and approve treatments in accordance with the best practices in force in Portugal. This service is intended for non-urgent situations.<\/p>\n<p>If you are not feeling well, call 911 in case of urgency or emergency, or NHS 24 \u2013 808242424 in non-urgent situations.<\/p>\n<p>If you have questions about your health problem or treatment, we advise you to schedule a\u00a0<span style=\"color: #54cd5e;\"><a style=\"color: #54cd5e;\" href=\"https:\/\/staging.mediconanet.pt\/en\/product\/book-an-appointment-online-by-phone\/\" target=\"_blank\" rel=\"noopener\">Telephone Consultation<\/a><\/span>\u00a0or\u00a0<a href=\"https:\/\/staging.mediconanet.pt\/en\/product\/book-appointments\/\" target=\"_blank\" rel=\"noopener\"><span style=\"color: #54cd5e;\">Video Appointment<\/span><\/a>.<\/p>\n<p>&nbsp;<\/p>","protected":false},"excerpt":{"rendered":"<h1 style=\"text-align: center;\">Appearance of hair on the female face<\/h1>\n<h2 style=\"text-align: center;\">Esta consulta custa 35,00\u20ac.<\/h2>\n<h2 style=\"text-align: center;\">Fill in the form and our doctors will contact you within 24 hours.<\/h2>","protected":false},"featured_media":16092,"template":"","meta":[],"product_brand":[],"product_cat":[83,65],"product_tag":[249],"class_list":{"0":"post-6333","1":"product","2":"type-product","3":"status-publish","4":"has-post-thumbnail","6":"product_cat-renovacao","7":"product_cat-saude-da-mulher","8":"product_tag-servicos","10":"first","11":"instock","12":"virtual","13":"purchasable","14":"product-type-simple"},"jetpack_sharing_enabled":true,"_links":{"self":[{"href":"https:\/\/staging.mediconanet.pt\/en\/wp-json\/wp\/v2\/product\/6333","targetHints":{"allow":["GET"]}}],"collection":[{"href":"https:\/\/staging.mediconanet.pt\/en\/wp-json\/wp\/v2\/product"}],"about":[{"href":"https:\/\/staging.mediconanet.pt\/en\/wp-json\/wp\/v2\/types\/product"}],"wp:featuredmedia":[{"embeddable":true,"href":"https:\/\/staging.mediconanet.pt\/en\/wp-json\/wp\/v2\/media\/16092"}],"wp:attachment":[{"href":"https:\/\/staging.mediconanet.pt\/en\/wp-json\/wp\/v2\/media?parent=6333"}],"wp:term":[{"taxonomy":"product_brand","embeddable":true,"href":"https:\/\/staging.mediconanet.pt\/en\/wp-json\/wp\/v2\/product_brand?post=6333"},{"taxonomy":"product_cat","embeddable":true,"href":"https:\/\/staging.mediconanet.pt\/en\/wp-json\/wp\/v2\/product_cat?post=6333"},{"taxonomy":"product_tag","embeddable":true,"href":"https:\/\/staging.mediconanet.pt\/en\/wp-json\/wp\/v2\/product_tag?post=6333"}],"curies":[{"name":"wp","href":"https:\/\/api.w.org\/{rel}","templated":true}]}}