{"id":6331,"date":"2024-07-03T17:27:11","date_gmt":"2024-07-03T17:27:11","guid":{"rendered":"https:\/\/www.mediconanet.pt\/?post_type=product&#038;p=6331"},"modified":"2026-01-17T14:23:12","modified_gmt":"2026-01-17T14:23:12","slug":"vaginal-dryness","status":"publish","type":"product","link":"https:\/\/staging.mediconanet.pt\/en\/produto\/secura-vaginal\/","title":{"rendered":"Vaginal Dryness"},"content":{"rendered":"<p>A secura vaginal \u00e9 uma condi\u00e7\u00e3o em que a mucosa vaginal n\u00e3o produz a quantidade adequada de humidade natural, o que resulta em desconforto, irrita\u00e7\u00e3o e, em alguns casos, dor.<\/p>\n<p>As causas comuns incluem menopausa, amamenta\u00e7\u00e3o, stress, ansiedade, medicamentos, tabagismo, alergias, produtos de higiene inadequados e condi\u00e7\u00f5es m\u00e9dicas. Esses fatores podem contribuir significativamente para o aparecimento da secura vaginal.<\/p>\n<p>Os sintomas t\u00edpicos incluem comich\u00e3o, ardor, dor durante a rela\u00e7\u00e3o sexual, irrita\u00e7\u00e3o e uma constante sensa\u00e7\u00e3o de secura. Quando n\u00e3o tratada, a secura vaginal pode aumentar o risco de infe\u00e7\u00f5es vaginais e tornar as rela\u00e7\u00f5es sexuais desconfort\u00e1veis.<\/p>\n<p>Para tratar esta condi\u00e7\u00e3o, pode-se recorrer ao uso de lubrificantes ou hidratantes vaginais. Al\u00e9m disso, a terapia de reposi\u00e7\u00e3o hormonal \u00e9 uma op\u00e7\u00e3o para mulheres na menopausa. \u00c9 igualmente importante abordar as causas subjacentes, se forem identificadas, para um tratamento mais eficaz.<\/p>\n<p>Al\u00e9m do tratamento m\u00e9dico, \u00e9 recomend\u00e1vel evitar irritantes, usar lubrificantes durante a rela\u00e7\u00e3o sexual e adotar h\u00e1bitos de higiene suaves para melhorar o conforto e a sa\u00fade vaginal.<\/p>\n<p>&nbsp;<\/p>\n<p>We offer you a Consultation service, where we use a questionnaire to quickly and safely create a personalised plan to deal with your situation.<\/p>\n<p>Our doctors suggest and approve treatments in accordance with the best practices in force in Portugal. This service is intended for non-urgent situations.<\/p>\n<p>If you are not feeling well, call 911 in case of urgency or emergency, or NHS 24 \u2013 808242424 in non-urgent situations.<\/p>\n<p>If you have questions about your health problem or treatment, we advise you to schedule a\u00a0<span style=\"color: #54cd5e;\"><a style=\"color: #54cd5e;\" href=\"https:\/\/staging.mediconanet.pt\/en\/product\/book-an-appointment-online-by-phone\/\" target=\"_blank\" rel=\"noopener\">Telephone Consultation<\/a><\/span>\u00a0or\u00a0<a href=\"https:\/\/staging.mediconanet.pt\/en\/product\/book-appointments\/\" target=\"_blank\" rel=\"noopener\"><span style=\"color: #54cd5e;\">Video Appointment<\/span><\/a>.<\/p>","protected":false},"excerpt":{"rendered":"<h2 style=\"text-align: center;\">Esta consulta custa 35,00\u20ac.<\/h2>\n<h2 style=\"text-align: center;\">Fill in the form and our doctors will contact you within 24 hours.<\/h2>","protected":false},"featured_media":16266,"template":"","meta":[],"product_brand":[],"product_cat":[83,65],"product_tag":[249],"class_list":{"0":"post-6331","1":"product","2":"type-product","3":"status-publish","4":"has-post-thumbnail","6":"product_cat-renovacao","7":"product_cat-saude-da-mulher","8":"product_tag-servicos","10":"first","11":"instock","12":"virtual","13":"purchasable","14":"product-type-simple"},"jetpack_sharing_enabled":true,"_links":{"self":[{"href":"https:\/\/staging.mediconanet.pt\/en\/wp-json\/wp\/v2\/product\/6331","targetHints":{"allow":["GET"]}}],"collection":[{"href":"https:\/\/staging.mediconanet.pt\/en\/wp-json\/wp\/v2\/product"}],"about":[{"href":"https:\/\/staging.mediconanet.pt\/en\/wp-json\/wp\/v2\/types\/product"}],"wp:featuredmedia":[{"embeddable":true,"href":"https:\/\/staging.mediconanet.pt\/en\/wp-json\/wp\/v2\/media\/16266"}],"wp:attachment":[{"href":"https:\/\/staging.mediconanet.pt\/en\/wp-json\/wp\/v2\/media?parent=6331"}],"wp:term":[{"taxonomy":"product_brand","embeddable":true,"href":"https:\/\/staging.mediconanet.pt\/en\/wp-json\/wp\/v2\/product_brand?post=6331"},{"taxonomy":"product_cat","embeddable":true,"href":"https:\/\/staging.mediconanet.pt\/en\/wp-json\/wp\/v2\/product_cat?post=6331"},{"taxonomy":"product_tag","embeddable":true,"href":"https:\/\/staging.mediconanet.pt\/en\/wp-json\/wp\/v2\/product_tag?post=6331"}],"curies":[{"name":"wp","href":"https:\/\/api.w.org\/{rel}","templated":true}]}}