{"id":6329,"date":"2024-07-03T17:23:48","date_gmt":"2024-07-03T17:23:48","guid":{"rendered":"https:\/\/www.mediconanet.pt\/?post_type=product&#038;p=6329"},"modified":"2026-01-17T13:47:51","modified_gmt":"2026-01-17T13:47:51","slug":"candidiasis","status":"publish","type":"product","link":"https:\/\/staging.mediconanet.pt\/en\/produto\/candidiase\/","title":{"rendered":"Candida (Thrush)"},"content":{"rendered":"<p>O fungo Candida causa a candid\u00edase, uma infe\u00e7\u00e3o f\u00fangica que pode afetar v\u00e1rias partes do corpo, como a boca, a garganta, a \u00e1rea genital e outras \u00e1reas h\u00famidas da pele.<\/p>\n<p>Os sintomas comuns incluem dor, comich\u00e3o, vermelhid\u00e3o, incha\u00e7o e secre\u00e7\u00e3o, variando conforme a \u00e1rea afetada.<\/p>\n<p>Um profissional de sa\u00fade geralmente diagnostica a candid\u00edase com base nos sintomas cl\u00ednicos e, em alguns casos, confirma o diagn\u00f3stico atrav\u00e9s de exames laboratoriais.<\/p>\n<p>Thrush can occur in the mouth (oral candidiasis), in the genital area (genital candidiasis), on the skin, on the nails and in other moist areas of the body.<\/p>\n<p>Para tratar a candid\u00edase, os m\u00e9dicos costumam prescrever antif\u00fangicos, como cremes, pomadas ou comprimidos. O tipo e a dura\u00e7\u00e3o do tratamento dependem da gravidade da infe\u00e7\u00e3o e da \u00e1rea afetada.<\/p>\n<p>Certos fatores, como o uso prolongado de antibi\u00f3ticos, sistema imunol\u00f3gico enfraquecido, diabetes, gravidez e uso de contracetivos orais, podem aumentar o risco de desenvolver candid\u00edase. Por isso, \u00e9 importante estar atento a esses fatores para prevenir a infe\u00e7\u00e3o.<\/p>\n<p>&nbsp;<\/p>\n<p>We offer you a Consultation service, where we use a questionnaire to quickly and safely create a personalised plan to deal with your situation.<\/p>\n<p>Our doctors suggest and approve treatments in accordance with the best practices in force in Portugal. This service is intended for non-urgent situations.<\/p>\n<p>If you are not feeling well, call 911 in case of urgency or emergency, or NHS 24 \u2013 808242424 in non-urgent situations.<\/p>\n<p>If you have questions about your health problem or treatment, we advise you to schedule a\u00a0<span style=\"color: #54cd5e;\"><a style=\"color: #54cd5e;\" href=\"https:\/\/staging.mediconanet.pt\/en\/product\/book-an-appointment-online-by-phone\/\" target=\"_blank\" rel=\"noopener\">Telephone Consultation<\/a><\/span>\u00a0or\u00a0<a href=\"https:\/\/staging.mediconanet.pt\/en\/product\/book-appointments\/\" target=\"_blank\" rel=\"noopener\"><span style=\"color: #54cd5e;\">Video Appointment<\/span><\/a>.<\/p>\n<p>&nbsp;<\/p>","protected":false},"excerpt":{"rendered":"<h2 style=\"text-align: center;\">Esta consulta custa 35,00\u20ac.<\/h2>\n<h2 style=\"text-align: center;\">Fill in the form, make the payment and our doctors will contact you within 24 hours.<\/h2>","protected":false},"featured_media":15767,"template":"","meta":[],"product_brand":[],"product_cat":[83,65],"product_tag":[249],"class_list":{"0":"post-6329","1":"product","2":"type-product","3":"status-publish","4":"has-post-thumbnail","6":"product_cat-renovacao","7":"product_cat-saude-da-mulher","8":"product_tag-servicos","10":"first","11":"instock","12":"virtual","13":"purchasable","14":"product-type-simple"},"jetpack_sharing_enabled":true,"_links":{"self":[{"href":"https:\/\/staging.mediconanet.pt\/en\/wp-json\/wp\/v2\/product\/6329","targetHints":{"allow":["GET"]}}],"collection":[{"href":"https:\/\/staging.mediconanet.pt\/en\/wp-json\/wp\/v2\/product"}],"about":[{"href":"https:\/\/staging.mediconanet.pt\/en\/wp-json\/wp\/v2\/types\/product"}],"wp:featuredmedia":[{"embeddable":true,"href":"https:\/\/staging.mediconanet.pt\/en\/wp-json\/wp\/v2\/media\/15767"}],"wp:attachment":[{"href":"https:\/\/staging.mediconanet.pt\/en\/wp-json\/wp\/v2\/media?parent=6329"}],"wp:term":[{"taxonomy":"product_brand","embeddable":true,"href":"https:\/\/staging.mediconanet.pt\/en\/wp-json\/wp\/v2\/product_brand?post=6329"},{"taxonomy":"product_cat","embeddable":true,"href":"https:\/\/staging.mediconanet.pt\/en\/wp-json\/wp\/v2\/product_cat?post=6329"},{"taxonomy":"product_tag","embeddable":true,"href":"https:\/\/staging.mediconanet.pt\/en\/wp-json\/wp\/v2\/product_tag?post=6329"}],"curies":[{"name":"wp","href":"https:\/\/api.w.org\/{rel}","templated":true}]}}