{"id":6326,"date":"2024-07-03T17:19:10","date_gmt":"2024-07-03T17:19:10","guid":{"rendered":"https:\/\/www.mediconanet.pt\/?post_type=product&#038;p=6326"},"modified":"2026-01-17T14:31:37","modified_gmt":"2026-01-17T14:31:37","slug":"bacterial-vaginosis","status":"publish","type":"product","link":"https:\/\/staging.mediconanet.pt\/en\/produto\/vaginose-bacteriana\/","title":{"rendered":"Bacterial Vaginosis"},"content":{"rendered":"<p>A Vaginose Bacteriana \u00e9 uma infe\u00e7\u00e3o vaginal muito comum na mulher.<\/p>\n<p>Habitualmente provocada por um desequil\u00edbrio da flora bacteriana da vagina, a vaginose bacteriana acontece devido a um crescimento anormal do n\u00famero de bact\u00e9rias que habitualmente vivem na vagina. \u00c9 uma das principais causas de corrimento vaginal da mulher em idade f\u00e9rtil.<\/p>\n<p>A causa exata n\u00e3o est\u00e1 plenamente estabelecida, mas existem v\u00e1rios fatores de risco comuns: mudan\u00e7a de pH devido a produtos de higiene ou a atividade sexual.<\/p>\n<p>De entre os fatores de risco mais comuns para o aparecimento da vaginose bacteriana, destacamos:<\/p>\n<ul>\n<li>Frequent vaginal washing or showering<\/li>\n<li>Heavy or prolonged periods<\/li>\n<li>Smoke<\/li>\n<li>Having another sexually transmitted infection<\/li>\n<li>Multiple sexual partners<\/li>\n<li>Using ''sex toys''<\/li>\n<li>Oral sex<\/li>\n<li>Normal hormonal changes such as during puberty, pregnancy or menopause<\/li>\n<li>Current or recent antibiotic use<\/li>\n<\/ul>\n<p>&nbsp;<\/p>\n<p>We offer you a Consultation service, where we use a questionnaire to quickly and safely create a personalised plan to deal with your situation.<\/p>\n<p>Our doctors suggest and approve treatments in accordance with the best practices in force in Portugal. This service is intended for non-urgent situations.<\/p>\n<p>If you are not feeling well, call 911 in case of urgency or emergency, or NHS 24 \u2013 808242424 in non-urgent situations.<\/p>\n<p>If you have questions about your health problem or treatment, we advise you to schedule a\u00a0<span style=\"color: #168f8a;\"><a style=\"color: #168f8a;\" href=\"https:\/\/staging.mediconanet.pt\/en\/product\/book-an-appointment-online-by-phone\/\" target=\"_blank\" rel=\"noopener\">Telephone Consultation<\/a><\/span>\u00a0or\u00a0<a href=\"https:\/\/staging.mediconanet.pt\/en\/product\/book-appointments\/\" target=\"_blank\" rel=\"noopener\"><span style=\"color: #168f8a;\">Video Appointment<\/span><\/a>.<\/p>","protected":false},"excerpt":{"rendered":"<h2 style=\"text-align: center;\">Esta consulta custa 35,00\u20ac.<\/h2>\n<h2 style=\"text-align: center;\">Fill in the form and our doctors will contact you within 24 hours.<\/h2>","protected":false},"featured_media":16353,"template":"","meta":[],"product_brand":[],"product_cat":[64,83],"product_tag":[249],"class_list":{"0":"post-6326","1":"product","2":"type-product","3":"status-publish","4":"has-post-thumbnail","6":"product_cat-saude-sexual","7":"product_cat-renovacao","8":"product_tag-servicos","10":"first","11":"instock","12":"virtual","13":"purchasable","14":"product-type-simple"},"jetpack_sharing_enabled":true,"_links":{"self":[{"href":"https:\/\/staging.mediconanet.pt\/en\/wp-json\/wp\/v2\/product\/6326","targetHints":{"allow":["GET"]}}],"collection":[{"href":"https:\/\/staging.mediconanet.pt\/en\/wp-json\/wp\/v2\/product"}],"about":[{"href":"https:\/\/staging.mediconanet.pt\/en\/wp-json\/wp\/v2\/types\/product"}],"wp:featuredmedia":[{"embeddable":true,"href":"https:\/\/staging.mediconanet.pt\/en\/wp-json\/wp\/v2\/media\/16353"}],"wp:attachment":[{"href":"https:\/\/staging.mediconanet.pt\/en\/wp-json\/wp\/v2\/media?parent=6326"}],"wp:term":[{"taxonomy":"product_brand","embeddable":true,"href":"https:\/\/staging.mediconanet.pt\/en\/wp-json\/wp\/v2\/product_brand?post=6326"},{"taxonomy":"product_cat","embeddable":true,"href":"https:\/\/staging.mediconanet.pt\/en\/wp-json\/wp\/v2\/product_cat?post=6326"},{"taxonomy":"product_tag","embeddable":true,"href":"https:\/\/staging.mediconanet.pt\/en\/wp-json\/wp\/v2\/product_tag?post=6326"}],"curies":[{"name":"wp","href":"https:\/\/api.w.org\/{rel}","templated":true}]}}