{"id":6325,"date":"2024-07-03T17:16:36","date_gmt":"2024-07-03T17:16:36","guid":{"rendered":"https:\/\/www.mediconanet.pt\/?post_type=product&#038;p=6325"},"modified":"2026-01-16T18:14:33","modified_gmt":"2026-01-16T18:14:33","slug":"genital-herpes","status":"publish","type":"product","link":"https:\/\/staging.mediconanet.pt\/en\/produto\/herpes-genital\/","title":{"rendered":"Genital Herpes"},"content":{"rendered":"<p>Genital herpes is a sexually transmitted infection (STI) caused by the herpes simplex virus (HSV). There are two types of HSV: HSV-1 and HSV-2. While HSV-1 usually causes cold sores, HSV-2 is mainly responsible for genital herpes. However, both types of HSV can cause genital herpes.<\/p>\n<h2>How it's transmitted:<\/h2>\n<p>Voc\u00ea pode contrair o herpes genital atrav\u00e9s do contato com a pele ou fluidos corporais de uma pessoa infectada. O v\u00edrus transmite-se durante o contato sexual, seja vaginal, anal ou oral.<\/p>\n<p>Os sintomas do herpes genital costumam aparecer entre 2 e 12 dias ap\u00f3s a exposi\u00e7\u00e3o ao v\u00edrus e podem incluir:<\/p>\n<ul>\n<li>Blisters or sores in the genital area<\/li>\n<li>Itching, burning or pain in the genital area<\/li>\n<li>Pain when urinating<\/li>\n<li>Fever<\/li>\n<li>Headache<\/li>\n<li>Malaise<\/li>\n<\/ul>\n<p>Although there is no cure for genital herpes, you can control the symptoms and reduce the risk of transmission with medication. Treatments, usually administered orally, help manage outbreaks.<\/p>\n<h2>How to prevent it:<\/h2>\n<p>Para prevenir o herpes genital, a melhor pr\u00e1tica \u00e9 usar preservativos durante o sexo. No entanto, mesmo com o uso de preservativos, a preven\u00e7\u00e3o n\u00e3o \u00e9 100% eficaz, pois o v\u00edrus pode transmitir-se atrav\u00e9s do contato com a pele ou fluidos corporais.<\/p>\n<p>Embora o herpes genital geralmente n\u00e3o seja perigoso, ele pode causar dor e desconforto. Em alguns casos, pode levar a complica\u00e7\u00f5es, como infec\u00e7\u00e3o bacteriana secund\u00e1ria.<\/p>\n<p>We offer you a Consultation service, where we use a questionnaire to quickly and safely create a personalised plan to deal with your situation.<\/p>\n<p>Our doctors suggest and approve treatments in accordance with the best practices in force in Portugal. This service is intended for non-urgent situations.<\/p>\n<p>If you are not feeling well, call 911 in case of urgency or emergency, or NHS 24 \u2013 808242424 in non-urgent situations.<\/p>\n<p>If you have questions about your health problem or treatment, we advise you to schedule a\u00a0<span style=\"color: #54cd5e;\"><a style=\"color: #54cd5e;\" href=\"https:\/\/staging.mediconanet.pt\/en\/product\/book-an-appointment-online-by-phone\/\" target=\"_blank\" rel=\"noopener\">Telephone Consultation<\/a><\/span>\u00a0or\u00a0<a href=\"https:\/\/staging.mediconanet.pt\/en\/product\/book-appointments\/\" target=\"_blank\" rel=\"noopener\"><span style=\"color: #54cd5e;\">Video Appointment<\/span><\/a>.<\/p>","protected":false},"excerpt":{"rendered":"<h2 style=\"text-align: center;\">Esta consulta custa 35,00\u20ac.<\/h2>\n<h2 style=\"text-align: center;\">Fill in the form and our doctors will contact you within 24 hours.<\/h2>","protected":false},"featured_media":16025,"template":"","meta":[],"product_brand":[],"product_cat":[83,64],"product_tag":[],"class_list":{"0":"post-6325","1":"product","2":"type-product","3":"status-publish","4":"has-post-thumbnail","6":"product_cat-renovacao","7":"product_cat-saude-sexual","9":"first","10":"instock","11":"virtual","12":"purchasable","13":"product-type-simple"},"jetpack_sharing_enabled":true,"_links":{"self":[{"href":"https:\/\/staging.mediconanet.pt\/en\/wp-json\/wp\/v2\/product\/6325","targetHints":{"allow":["GET"]}}],"collection":[{"href":"https:\/\/staging.mediconanet.pt\/en\/wp-json\/wp\/v2\/product"}],"about":[{"href":"https:\/\/staging.mediconanet.pt\/en\/wp-json\/wp\/v2\/types\/product"}],"wp:featuredmedia":[{"embeddable":true,"href":"https:\/\/staging.mediconanet.pt\/en\/wp-json\/wp\/v2\/media\/16025"}],"wp:attachment":[{"href":"https:\/\/staging.mediconanet.pt\/en\/wp-json\/wp\/v2\/media?parent=6325"}],"wp:term":[{"taxonomy":"product_brand","embeddable":true,"href":"https:\/\/staging.mediconanet.pt\/en\/wp-json\/wp\/v2\/product_brand?post=6325"},{"taxonomy":"product_cat","embeddable":true,"href":"https:\/\/staging.mediconanet.pt\/en\/wp-json\/wp\/v2\/product_cat?post=6325"},{"taxonomy":"product_tag","embeddable":true,"href":"https:\/\/staging.mediconanet.pt\/en\/wp-json\/wp\/v2\/product_tag?post=6325"}],"curies":[{"name":"wp","href":"https:\/\/api.w.org\/{rel}","templated":true}]}}