{"id":6324,"date":"2024-07-03T17:11:56","date_gmt":"2024-07-03T17:11:56","guid":{"rendered":"https:\/\/www.mediconanet.pt\/?post_type=product&#038;p=6324"},"modified":"2026-01-16T18:10:17","modified_gmt":"2026-01-16T18:10:17","slug":"online-prescriptions","status":"publish","type":"product","link":"https:\/\/staging.mediconanet.pt\/en\/produto\/receitas-medicas-online\/","title":{"rendered":"Prescription Renewal"},"content":{"rendered":"<h1>Receitas M\u00e9dicas Online &#8211; Renovar receitu\u00e1rio<\/h1>\n<p>Na nossa plataforma, oferecemos um servi\u00e7o eficiente e conveniente para a renova\u00e7\u00e3o de receitas m\u00e9dicas online. \u00c0 medida que cresce a procura por solu\u00e7\u00f5es pr\u00e1ticas e seguras, disponibilizamos um processo simplificado que lhe permite renovar as suas receitas sem sair de casa.<\/p>\n<p>Ao optar pelo nosso servi\u00e7o de renova\u00e7\u00e3o de receitas m\u00e9dicas online, voc\u00ea beneficia de agilidade e seguran\u00e7a para obter o seu tratamento de forma r\u00e1pida e sem complica\u00e7\u00f5es.<\/p>\n<h2>How it works:<\/h2>\n<p>Basta aceder ao nosso portal e preencher um breve question\u00e1rio sobre o seu estado de sa\u00fade e a medica\u00e7\u00e3o atual. Em seguida, a nossa equipa de m\u00e9dicos analisar\u00e1 a sua situa\u00e7\u00e3o com aten\u00e7\u00e3o.<\/p>\n<p>Este servi\u00e7o de de receitas m\u00e9dicas online \u00e9 particularmente \u00fatil para quem precisa de manter a sua medica\u00e7\u00e3o sem interrup\u00e7\u00f5es. Com a nossa plataforma, garantimos que voc\u00ea tenha acesso cont\u00ednuo aos medicamentos necess\u00e1rios, mesmo quando visitas presenciais ao m\u00e9dico n\u00e3o s\u00e3o vi\u00e1veis.<\/p>\n<p>Al\u00e9m disso, utilizando o nosso servi\u00e7o, voc\u00ea evita longas esperas em consult\u00f3rios e consegue renovar as suas receitas de maneira pr\u00e1tica e discreta. Ap\u00f3s a avalia\u00e7\u00e3o dos seus dados, o m\u00e9dico emitir\u00e1 a receita eletr\u00f3nica, a qual poder\u00e1 utilizar para adquirir os medicamentos nas farm\u00e1cias de sua escolha.<\/p>\n<p>Para come\u00e7ar a usar o nosso servi\u00e7o, simplesmente aceda ao portal de receitas m\u00e9dicas online e siga as instru\u00e7\u00f5es fornecidas. Caso tenha d\u00favidas ou necessite de assist\u00eancia, a nossa equipa de suporte est\u00e1 dispon\u00edvel para ajud\u00e1-lo em qualquer momento.<\/p>\n<p>Escolha a conveni\u00eancia e a efici\u00eancia da renova\u00e7\u00e3o de receitas m\u00e9dicas online e experimente um servi\u00e7o adaptado \u00e0s suas necessidades. Garantimos um processo seguro e confidencial, oferecendo a qualidade que voc\u00ea merece.<\/p>\n<p>&nbsp;<\/p>\n<h2><span style=\"color: #168f8a; font-size: 150%;\"><strong>AVISO IMPORTANTE<\/strong><\/span><\/h2>\n<p>Por sermos um servi\u00e7o exclusivamente online e de acordo com a nossa dire\u00e7\u00e3o cl\u00ednica algumas classes terap\u00eauticas n\u00e3o poder\u00e3o ser abordadas pelos nossos m\u00e9dicos.<\/p>\n<p>&nbsp;<\/p>\n<p>&nbsp;<\/p>\n<p>&nbsp;<\/p>\n<p>We offer you a Consultation service, where we use a questionnaire to quickly and safely create a personalised plan to deal with your situation.<\/p>\n<p>Our doctors suggest and approve treatments in accordance with the best practices in force in Portugal. This service is intended for non-urgent situations.<\/p>\n<p>If you are not feeling well, call 911 in case of urgency or emergency, or NHS 24 \u2013 808242424 in non-urgent situations.<\/p>\n<p>If you have questions about your health problem or treatment, we advise you to schedule a\u00a0<span style=\"color: #54cd5e;\"><a style=\"color: #54cd5e;\" href=\"https:\/\/staging.mediconanet.pt\/en\/product\/book-an-appointment-online-by-phone\/\" target=\"_blank\" rel=\"noopener\">Telephone Consultation<\/a><\/span>\u00a0or\u00a0<a href=\"https:\/\/staging.mediconanet.pt\/en\/product\/book-appointments\/\" target=\"_blank\" rel=\"noopener\"><span style=\"color: #54cd5e;\">Video Appointment<\/span><\/a>.<\/p>","protected":false},"excerpt":{"rendered":"<h1 style=\"text-align: center;\">Renew prescriptions online<\/h1>\n<h2 style=\"text-align: center;\">Aproveite para renovar ou pedir receitas m\u00e9dicas online durante a sua consulta.<br \/>\nEsteja atento aos nossos avisos dos Termos de Servi\u00e7o.<br \/>\nFill in the form and our doctors will contact you within 24 hours.<\/h2>\n<h2 style=\"text-align: center;\">Cost 25,00\u20ac<\/h2>","protected":false},"featured_media":14787,"template":"","meta":[],"product_brand":[],"product_cat":[83],"product_tag":[108],"class_list":{"0":"post-6324","1":"product","2":"type-product","3":"status-publish","4":"has-post-thumbnail","6":"product_cat-renovacao","7":"product_tag-renovacao","9":"first","10":"instock","11":"virtual","12":"purchasable","13":"product-type-simple"},"jetpack_sharing_enabled":true,"_links":{"self":[{"href":"https:\/\/staging.mediconanet.pt\/en\/wp-json\/wp\/v2\/product\/6324","targetHints":{"allow":["GET"]}}],"collection":[{"href":"https:\/\/staging.mediconanet.pt\/en\/wp-json\/wp\/v2\/product"}],"about":[{"href":"https:\/\/staging.mediconanet.pt\/en\/wp-json\/wp\/v2\/types\/product"}],"wp:featuredmedia":[{"embeddable":true,"href":"https:\/\/staging.mediconanet.pt\/en\/wp-json\/wp\/v2\/media\/14787"}],"wp:attachment":[{"href":"https:\/\/staging.mediconanet.pt\/en\/wp-json\/wp\/v2\/media?parent=6324"}],"wp:term":[{"taxonomy":"product_brand","embeddable":true,"href":"https:\/\/staging.mediconanet.pt\/en\/wp-json\/wp\/v2\/product_brand?post=6324"},{"taxonomy":"product_cat","embeddable":true,"href":"https:\/\/staging.mediconanet.pt\/en\/wp-json\/wp\/v2\/product_cat?post=6324"},{"taxonomy":"product_tag","embeddable":true,"href":"https:\/\/staging.mediconanet.pt\/en\/wp-json\/wp\/v2\/product_tag?post=6324"}],"curies":[{"name":"wp","href":"https:\/\/api.w.org\/{rel}","templated":true}]}}