{"id":6322,"date":"2024-07-03T17:05:29","date_gmt":"2024-07-03T17:05:29","guid":{"rendered":"https:\/\/www.mediconanet.pt\/?post_type=product&#038;p=6322"},"modified":"2026-01-16T18:01:05","modified_gmt":"2026-01-16T18:01:05","slug":"urinary-infection","status":"publish","type":"product","link":"https:\/\/staging.mediconanet.pt\/en\/produto\/infeccao-urinaria\/","title":{"rendered":"Urinary infection"},"content":{"rendered":"<p>Uma infec\u00e7\u00e3o urin\u00e1ria ocorre quando bact\u00e9rias entram no trato urin\u00e1rio e se multiplicam, resultando em sintomas como dor ao urinar, mic\u00e7\u00e3o frequente e urgente, e desconforto abdominal.<\/p>\n<p>Voc\u00ea pode reconhecer os sintomas comuns da infec\u00e7\u00e3o urin\u00e1ria, que incluem dor ou ardor ao urinar, aumento na frequ\u00eancia da mic\u00e7\u00e3o, urg\u00eancia para urinar, dor na parte inferior do abd\u00f3men e urina turva ou com mau cheiro.<\/p>\n<p>Para tratar a infec\u00e7\u00e3o urin\u00e1ria, os m\u00e9dicos geralmente prescrevem antibi\u00f3ticos. \u00c9 crucial que voc\u00ea complete todo o tratamento, mesmo que os sintomas desapare\u00e7am antes do final do tratamento.<\/p>\n<p>Caso suspeite de uma infec\u00e7\u00e3o urin\u00e1ria, consulte um m\u00e9dico o quanto antes. Procure orienta\u00e7\u00e3o especialmente se os sintomas persistirem ou piorarem ap\u00f3s alguns dias de tratamento.<\/p>\n<p>Se voc\u00ea n\u00e3o tratar a infec\u00e7\u00e3o urin\u00e1ria adequadamente, pode enfrentar complica\u00e7\u00f5es, como infe\u00e7\u00f5es renais, abscessos e problemas no trato urin\u00e1rio superior. Portanto, \u00e9 essencial abordar a infe\u00e7\u00e3o de forma eficaz para evitar essas complica\u00e7\u00f5es.<\/p>\n<p>&nbsp;<\/p>\n<p>We offer you a Consultation service, where we use a questionnaire to quickly and safely create a personalised plan to deal with your situation.<\/p>\n<p>Our doctors suggest and approve treatments in accordance with the best practices in force in Portugal. This service is intended for non-urgent situations.<\/p>\n<p>If you are not feeling well, call 911 in case of urgency or emergency, or NHS 24 \u2013 808242424 in non-urgent situations.<\/p>\n<p>If you have questions about your health problem or treatment, we advise you to schedule a\u00a0<span style=\"color: #54cd5e;\"><a style=\"color: #2b9b9f;\" href=\"https:\/\/staging.mediconanet.pt\/en\/product\/book-an-appointment-online-by-phone\/\" target=\"_blank\" rel=\"noopener\">Telephone Consultation<\/a><\/span>\u00a0or\u00a0<a href=\"https:\/\/staging.mediconanet.pt\/en\/product\/book-appointments\/\" target=\"_blank\" rel=\"noopener\"><span style=\"color: #2b9b9f;\">Video Appointment<\/span><\/a>.<\/p>\n<p>&nbsp;<\/p>","protected":false},"excerpt":{"rendered":"<h2 style=\"text-align: center;\">Urinary infection<\/h2>\n<h4 style=\"text-align: center;\"><span style=\"color: #2b9b9f;\"><strong>Service within 3 hours maximum<\/strong><\/span><\/h4>\n<p style=\"text-align: center;\">every day from 9am to 8pm<\/p>","protected":false},"featured_media":11735,"template":"","meta":[],"product_brand":[],"product_cat":[82],"product_tag":[103],"class_list":{"0":"post-6322","1":"product","2":"type-product","3":"status-publish","4":"has-post-thumbnail","6":"product_cat-consultas","7":"product_tag-urinaria","9":"first","10":"instock","11":"virtual","12":"purchasable","13":"product-type-simple"},"jetpack_sharing_enabled":true,"_links":{"self":[{"href":"https:\/\/staging.mediconanet.pt\/en\/wp-json\/wp\/v2\/product\/6322","targetHints":{"allow":["GET"]}}],"collection":[{"href":"https:\/\/staging.mediconanet.pt\/en\/wp-json\/wp\/v2\/product"}],"about":[{"href":"https:\/\/staging.mediconanet.pt\/en\/wp-json\/wp\/v2\/types\/product"}],"wp:featuredmedia":[{"embeddable":true,"href":"https:\/\/staging.mediconanet.pt\/en\/wp-json\/wp\/v2\/media\/11735"}],"wp:attachment":[{"href":"https:\/\/staging.mediconanet.pt\/en\/wp-json\/wp\/v2\/media?parent=6322"}],"wp:term":[{"taxonomy":"product_brand","embeddable":true,"href":"https:\/\/staging.mediconanet.pt\/en\/wp-json\/wp\/v2\/product_brand?post=6322"},{"taxonomy":"product_cat","embeddable":true,"href":"https:\/\/staging.mediconanet.pt\/en\/wp-json\/wp\/v2\/product_cat?post=6322"},{"taxonomy":"product_tag","embeddable":true,"href":"https:\/\/staging.mediconanet.pt\/en\/wp-json\/wp\/v2\/product_tag?post=6322"}],"curies":[{"name":"wp","href":"https:\/\/api.w.org\/{rel}","templated":true}]}}