{"id":6318,"date":"2024-07-03T16:51:39","date_gmt":"2024-07-03T16:51:39","guid":{"rendered":"https:\/\/www.mediconanet.pt\/?post_type=product&#038;p=6318"},"modified":"2026-01-16T17:56:54","modified_gmt":"2026-01-16T17:56:54","slug":"medical-certificate-of-illness","status":"publish","type":"product","link":"https:\/\/staging.mediconanet.pt\/en\/produto\/atestado-medico-de-doenca\/","title":{"rendered":"Medical certificate of illness"},"content":{"rendered":"<div class=\"flex max-w-full flex-col flex-grow\">\n<div class=\"min-h-[20px] text-message flex w-full flex-col items-end gap-2 break-words [.text-message+&amp;]:mt-5 overflow-x-auto whitespace-normal\" dir=\"auto\" data-message-author-role=\"assistant\" data-message-id=\"85311fae-5983-4af8-b9fe-0a2655c731da\">\n<div class=\"flex w-full flex-col gap-1 empty:hidden first:pt-[3px]\">\n<div class=\"markdown prose w-full break-words dark:prose-invert light\">\n<p>Obtenha o Seu Atestado M\u00e9dico de Doen\u00e7a Online.<\/p>\n<p>No nosso servi\u00e7o, pode obter o seu atestado m\u00e9dico de doen\u00e7a de forma segura. Esse documento \u00e9 essencial quando precisa comprovar a sua incapacidade tempor\u00e1ria para o trabalho devido a problemas de sa\u00fade.<\/p>\n<h2>Como marcar consulta:<\/h2>\n<p>Primeiro, marque uma consulta com um dos nossos m\u00e9dicos atrav\u00e9s do nosso portal online. Al\u00e9m disso, a nossa plataforma intuitiva permite que voc\u00ea escolha um hor\u00e1rio que se ajuste \u00e0 sua agenda. Assim que voc\u00ea concluir o agendamento, receber\u00e1 uma confirma\u00e7\u00e3o por e-mail, garantindo que tudo esteja preparado para a sua consulta.<\/p>\n<p>Durante a consulta, o m\u00e9dico avaliar\u00e1 a sua condi\u00e7\u00e3o de sa\u00fade e discutir\u00e1 os sintomas que voc\u00ea est\u00e1 experienciando. Com base nessa avalia\u00e7\u00e3o cuidadosa, o m\u00e9dico emitir\u00e1 um atestado m\u00e9dico, caso considere necess\u00e1rio. Esse atestado confirmar\u00e1 a sua incapacidade tempor\u00e1ria para o trabalho e indicar\u00e1 o per\u00edodo recomendado para o seu repouso.<\/p>\n<p>Logo ap\u00f3s a emiss\u00e3o do atestado m\u00e9dico, \u00e9 importante que voc\u00ea informe o seu empregador e entregue o documento no prazo m\u00e1ximo de cinco dias \u00fateis. Geralmente, o m\u00e9dico tamb\u00e9m envia o atestado diretamente \u00e0 Seguran\u00e7a Social, garantindo que todos os procedimentos burocr\u00e1ticos sejam cumpridos de forma correta e dentro do prazo.<\/p>\n<h2>Como prorrogar o prazo:<\/h2>\n<p>Se, por acaso, o per\u00edodo de incapacidade indicado no atestado m\u00e9dico precisar ser prolongado, voc\u00ea poder\u00e1 facilmente agendar uma nova consulta para uma avalia\u00e7\u00e3o adicional. Dessa forma, o m\u00e9dico reavaliar\u00e1 a sua condi\u00e7\u00e3o e, se necess\u00e1rio, emitir\u00e1 um novo atestado m\u00e9dico com a nova data de validade.<\/p>\n<p>Nosso objetivo \u00e9 tornar o processo de obten\u00e7\u00e3o de um atestado m\u00e9dico o mais eficiente e acess\u00edvel poss\u00edvel. Com a conveni\u00eancia das consultas online, voc\u00ea evita desloca\u00e7\u00f5es desnecess\u00e1rias e obt\u00e9m o suporte m\u00e9dico de que precisa sem complica\u00e7\u00f5es.<\/p>\n<p>Experimente a facilidade e a efic\u00e1cia do nosso servi\u00e7o de atestado m\u00e9dico e marque a sua consulta hoje mesmo.<\/p>\n<\/div>\n<\/div>\n<\/div>\n<\/div>\n<div class=\"mt-1 flex gap-3 empty:hidden -ml-2\">\n<div class=\"items-center justify-start rounded-xl p-1 flex\">\n<div class=\"flex items-center\"><\/div>\n<\/div>\n<\/div>\n<p>Oferecemos-lhe um servi\u00e7o de Consulta, onde utilizamos um question\u00e1rio para, de forma r\u00e1pida e segura, criar um plano personalizado para lidar com a sua situa\u00e7\u00e3o.<\/p>\n<p>Os nossos m\u00e9dicos sugerem e aprovam tratamentos de acordo com as melhores pr\u00e1ticas vigentes em Portugal. Este servi\u00e7o destina-se a situa\u00e7\u00f5es n\u00e3o urgentes.<\/p>\n<p>Se n\u00e3o se sente bem, ligue para o 112 em caso de urg\u00eancia ou emerg\u00eancia, ou para o SNS 24 \u2013 808242424 em situa\u00e7\u00f5es n\u00e3o urgentes.<\/p>\n<p>Se tiver d\u00favidas sobre o seu problema de sa\u00fade ou tratamento, aconselhamos a que marque uma\u00a0<span style=\"color: #54cd5e;\"><a style=\"color: #54cd5e;\" href=\"https:\/\/staging.mediconanet.pt\/produto\/marcar-consulta-online-telefone\/\" target=\"_blank\" rel=\"noopener\">Consulta Telef\u00f3nica<\/a><\/span>\u00a0ou\u00a0<a href=\"https:\/\/staging.mediconanet.pt\/produto\/marcar-consultas\/\" target=\"_blank\" rel=\"noopener\"><span style=\"color: #54cd5e;\">V\u00eddeo Consulta<\/span><\/a>.<\/p>\n","protected":false},"excerpt":{"rendered":"<h2 style=\"text-align: center;\">Medical certificate of illness<\/h2>","protected":false},"featured_media":11077,"template":"","meta":[],"product_brand":[],"product_cat":[71],"product_tag":[100],"class_list":{"0":"post-6318","1":"product","2":"type-product","3":"status-publish","4":"has-post-thumbnail","6":"product_cat-atestados-medicos","7":"product_tag-baixa","9":"first","10":"instock","11":"virtual","12":"purchasable","13":"product-type-simple"},"jetpack_sharing_enabled":true,"_links":{"self":[{"href":"https:\/\/staging.mediconanet.pt\/en\/wp-json\/wp\/v2\/product\/6318","targetHints":{"allow":["GET"]}}],"collection":[{"href":"https:\/\/staging.mediconanet.pt\/en\/wp-json\/wp\/v2\/product"}],"about":[{"href":"https:\/\/staging.mediconanet.pt\/en\/wp-json\/wp\/v2\/types\/product"}],"wp:featuredmedia":[{"embeddable":true,"href":"https:\/\/staging.mediconanet.pt\/en\/wp-json\/wp\/v2\/media\/11077"}],"wp:attachment":[{"href":"https:\/\/staging.mediconanet.pt\/en\/wp-json\/wp\/v2\/media?parent=6318"}],"wp:term":[{"taxonomy":"product_brand","embeddable":true,"href":"https:\/\/staging.mediconanet.pt\/en\/wp-json\/wp\/v2\/product_brand?post=6318"},{"taxonomy":"product_cat","embeddable":true,"href":"https:\/\/staging.mediconanet.pt\/en\/wp-json\/wp\/v2\/product_cat?post=6318"},{"taxonomy":"product_tag","embeddable":true,"href":"https:\/\/staging.mediconanet.pt\/en\/wp-json\/wp\/v2\/product_tag?post=6318"}],"curies":[{"name":"wp","href":"https:\/\/api.w.org\/{rel}","templated":true}]}}