{"id":6317,"date":"2024-07-03T16:49:29","date_gmt":"2024-07-03T16:49:29","guid":{"rendered":"https:\/\/www.mediconanet.pt\/?post_type=product&#038;p=6317"},"modified":"2026-01-16T17:56:27","modified_gmt":"2026-01-16T17:56:27","slug":"family-assistance-certificate","status":"publish","type":"product","link":"https:\/\/staging.mediconanet.pt\/en\/produto\/atestado-de-assistencia-familia\/","title":{"rendered":"Family Assistance Certificate"},"content":{"rendered":"<p><strong>Obtenha o Seu Atestado de Assist\u00eancia \u00e0 Fam\u00edlia de Forma Simples e R\u00e1pida<\/strong><\/p>\n<p>O nosso servi\u00e7o de atestado de assist\u00eancia \u00e0 fam\u00edlia oferece uma solu\u00e7\u00e3o pr\u00e1tica para quem precisa justificar a aus\u00eancia do trabalho para prestar cuidados a um familiar. Este documento \u00e9 crucial para assegurar que voc\u00ea possa afastar-se das suas responsabilidades profissionais e fornecer o suporte necess\u00e1rio aos seus entes queridos.<\/p>\n<h2>Como marcar:<\/h2>\n<p>Para come\u00e7ar, agende uma consulta com um dos nossos m\u00e9dicos. Utilizando a nossa plataforma online, voc\u00ea pode facilmente escolher o hor\u00e1rio que melhor se adapta \u00e0 sua agenda e marcar a consulta de forma r\u00e1pida e conveniente. Ap\u00f3s concluir o agendamento, voc\u00ea receber\u00e1 uma confirma\u00e7\u00e3o por e-mail com todos os detalhes necess\u00e1rios.<\/p>\n<p>Durante a consulta, o m\u00e9dico avaliar\u00e1 a situa\u00e7\u00e3o e discutir\u00e1 as necessidades espec\u00edficas de assist\u00eancia que voc\u00ea est\u00e1 a oferecer ao seu familiar. Com base nessa avalia\u00e7\u00e3o, o m\u00e9dico emitir\u00e1 um atestado de assist\u00eancia \u00e0 fam\u00edlia, confirmando a sua necessidade de se ausentar do trabalho para prestar o cuidado requerido.<\/p>\n<p>Uma vez que voc\u00ea receba o atestado, informe prontamente o seu empregador e entregue o documento dentro do prazo estabelecido. Adicionalmente, o m\u00e9dico poder\u00e1 enviar o atestado diretamente \u00e0 Seguran\u00e7a Social, facilitando o processo e assegurando que todos os requisitos legais sejam atendidos.<\/p>\n<h2>Como prorrogar:<\/h2>\n<p>Se a necessidade de assist\u00eancia continuar, voc\u00ea pode agendar novas consultas para atualizar e ajustar o atestado conforme necess\u00e1rio. O m\u00e9dico reavaliar\u00e1 a situa\u00e7\u00e3o e, se for o caso, emitir\u00e1 novos atestados para cobrir o per\u00edodo adicional de assist\u00eancia.<\/p>\n<p>Nosso objetivo \u00e9 oferecer um servi\u00e7o eficiente e acess\u00edvel para a obten\u00e7\u00e3o de atestados de assist\u00eancia \u00e0 fam\u00edlia, garantindo que voc\u00ea possa equilibrar suas responsabilidades pessoais e profissionais sem preocupa\u00e7\u00f5es adicionais.<\/p>\n<p>Descubra a comodidade do nosso servi\u00e7o de atestado de assist\u00eancia \u00e0 fam\u00edlia e marque a sua consulta hoje mesmo.<\/p>\n<p>&nbsp;<\/p>\n<p>We offer you a Consultation service, where we use a questionnaire to quickly and safely create a personalised plan to deal with your situation.<\/p>\n<p>Our doctors suggest and approve treatments in accordance with the best practices in force in Portugal. This service is intended for non-urgent situations.<\/p>\n<p>If you are not feeling well, call 911 in case of urgency or emergency, or NHS 24 \u2013 808242424 in non-urgent situations.<\/p>\n<p>If you have questions about your health problem or treatment, we advise you to schedule a\u00a0<span style=\"color: #54cd5e;\"><a style=\"color: #54cd5e;\" href=\"https:\/\/staging.mediconanet.pt\/en\/product\/book-an-appointment-online-by-phone\/\" target=\"_blank\" rel=\"noopener\">Telephone Consultation<\/a><\/span>\u00a0or\u00a0<a href=\"https:\/\/staging.mediconanet.pt\/en\/product\/book-appointments\/\" target=\"_blank\" rel=\"noopener\"><span style=\"color: #54cd5e;\">Video Appointment<\/span><\/a>.<\/p>","protected":false},"excerpt":{"rendered":"<h1 style=\"text-align: center;\">Family Assistance Certificate<\/h1>","protected":false},"featured_media":11642,"template":"","meta":[],"product_brand":[],"product_cat":[71],"product_tag":[91],"class_list":{"0":"post-6317","1":"product","2":"type-product","3":"status-publish","4":"has-post-thumbnail","6":"product_cat-atestados-medicos","7":"product_tag-familia","9":"first","10":"instock","11":"virtual","12":"sold-individually","13":"purchasable","14":"product-type-simple"},"jetpack_sharing_enabled":true,"_links":{"self":[{"href":"https:\/\/staging.mediconanet.pt\/en\/wp-json\/wp\/v2\/product\/6317","targetHints":{"allow":["GET"]}}],"collection":[{"href":"https:\/\/staging.mediconanet.pt\/en\/wp-json\/wp\/v2\/product"}],"about":[{"href":"https:\/\/staging.mediconanet.pt\/en\/wp-json\/wp\/v2\/types\/product"}],"wp:featuredmedia":[{"embeddable":true,"href":"https:\/\/staging.mediconanet.pt\/en\/wp-json\/wp\/v2\/media\/11642"}],"wp:attachment":[{"href":"https:\/\/staging.mediconanet.pt\/en\/wp-json\/wp\/v2\/media?parent=6317"}],"wp:term":[{"taxonomy":"product_brand","embeddable":true,"href":"https:\/\/staging.mediconanet.pt\/en\/wp-json\/wp\/v2\/product_brand?post=6317"},{"taxonomy":"product_cat","embeddable":true,"href":"https:\/\/staging.mediconanet.pt\/en\/wp-json\/wp\/v2\/product_cat?post=6317"},{"taxonomy":"product_tag","embeddable":true,"href":"https:\/\/staging.mediconanet.pt\/en\/wp-json\/wp\/v2\/product_tag?post=6317"}],"curies":[{"name":"wp","href":"https:\/\/api.w.org\/{rel}","templated":true}]}}