{"id":6315,"date":"2024-07-03T16:44:35","date_gmt":"2024-07-03T16:44:35","guid":{"rendered":"https:\/\/www.mediconanet.pt\/?post_type=product&#038;p=6315"},"modified":"2026-01-16T17:54:32","modified_gmt":"2026-01-16T17:54:32","slug":"radiology-2","status":"publish","type":"product","link":"https:\/\/staging.mediconanet.pt\/en\/produto\/radiologia\/","title":{"rendered":"Radiology"},"content":{"rendered":"<p>A Radiologia desempenha um papel fundamental no diagn\u00f3stico m\u00e9dico, e agora est\u00e1 ainda mais acess\u00edvel gra\u00e7as \u00e0 possibilidade de requisitar exames online. Esta inova\u00e7\u00e3o simplifica todo o processo, oferecendo conveni\u00eancia e rapidez ao utente. Em vez de perder tempo em desloca\u00e7\u00f5es ou em filas de espera, \u00e9 poss\u00edvel solicitar a requisi\u00e7\u00e3o de exames radiol\u00f3gicos a partir do conforto de casa.<\/p>\n<h2>Flexibilidade<\/h2>\n<p>Al\u00e9m da facilidade de acesso, este sistema online permite uma maior flexibilidade na marca\u00e7\u00e3o de exames. A qualquer hora do dia, com apenas alguns cliques, pode escolher a data e o hor\u00e1rio mais conveniente para si. Este processo eficiente n\u00e3o s\u00f3 poupa tempo, mas tamb\u00e9m evita as dificuldades associadas ao agendamento presencial.<\/p>\n<p>Outro benef\u00edcio significativo \u00e9 a redu\u00e7\u00e3o do tempo de espera para receber os resultados. Ao integrar todo o processo digitalmente, desde a requisi\u00e7\u00e3o at\u00e9 \u00e0 entrega dos exames, a comunica\u00e7\u00e3o entre o paciente, o m\u00e9dico e o radiologista torna-se mais fluida. Isso significa diagn\u00f3sticos mais r\u00e1pidos e um tratamento mais c\u00e9lere, quando necess\u00e1rio.<\/p>\n<h2>Confidencialidade<\/h2>\n<p>Por fim, a seguran\u00e7a e a confidencialidade dos dados s\u00e3o garantidas atrav\u00e9s de plataformas digitais seguras, que protegem as suas informa\u00e7\u00f5es pessoais e de sa\u00fade. Assim, a Radiologia online representa uma evolu\u00e7\u00e3o importante no acesso aos cuidados m\u00e9dicos, tornando a vida dos utentes mais simples e eficiente. Com esta op\u00e7\u00e3o, pode concentrar-se no que realmente importa: o seu bem-estar, sem complica\u00e7\u00f5es ou atrasos.<\/p>\n<p>&nbsp;<\/p>\n<p>We offer you a consultation service based on a questionnaire, so that we can quickly and safely offer you a plan to deal with your hair loss.<\/p>\n<p>The treatments that are approved, and in some cases suggested, by our doctors are in line with best practice for Portuguese medicine. Please note, this service is for non-urgent cases.<\/p>\n<p>If you are feeling unwell, please call 112 for urgent emergencies. Alternatively, you can contact SNS 24 for any non-urgent matters too.<\/p>\n<p>If you have questions about your health problem or treatment, we advise you to schedule a\u00a0<span style=\"color: #54cd5e;\"><a style=\"color: #54cd5e;\" href=\"https:\/\/staging.mediconanet.pt\/en\/product\/book-an-appointment-online-by-phone\/\" target=\"_blank\" rel=\"noopener\">Telephone Consultation<\/a><\/span>\u00a0or\u00a0<a href=\"https:\/\/staging.mediconanet.pt\/en\/product\/book-appointments\/\" target=\"_blank\" rel=\"noopener\"><span style=\"color: #54cd5e;\">Video Appointment<\/span><\/a>.<\/p>","protected":false},"excerpt":{"rendered":"<h1 style=\"text-align: center;\">Radiology<\/h1>\n<h2 style=\"text-align: center;\">This request costs \u20ac25.00.<\/h2>\n<h2 style=\"text-align: center;\">Answer the questions on the form below. Our doctors will assess your request and you will receive it by email within 24 hours.<\/h2>","protected":false},"featured_media":11657,"template":"","meta":[],"product_brand":[],"product_cat":[70],"product_tag":[101],"class_list":{"0":"post-6315","1":"product","2":"type-product","3":"status-publish","4":"has-post-thumbnail","6":"product_cat-requisicoes-de-exames","7":"product_tag-radiologia","9":"first","10":"instock","11":"virtual","12":"purchasable","13":"product-type-simple"},"jetpack_sharing_enabled":true,"_links":{"self":[{"href":"https:\/\/staging.mediconanet.pt\/en\/wp-json\/wp\/v2\/product\/6315","targetHints":{"allow":["GET"]}}],"collection":[{"href":"https:\/\/staging.mediconanet.pt\/en\/wp-json\/wp\/v2\/product"}],"about":[{"href":"https:\/\/staging.mediconanet.pt\/en\/wp-json\/wp\/v2\/types\/product"}],"wp:featuredmedia":[{"embeddable":true,"href":"https:\/\/staging.mediconanet.pt\/en\/wp-json\/wp\/v2\/media\/11657"}],"wp:attachment":[{"href":"https:\/\/staging.mediconanet.pt\/en\/wp-json\/wp\/v2\/media?parent=6315"}],"wp:term":[{"taxonomy":"product_brand","embeddable":true,"href":"https:\/\/staging.mediconanet.pt\/en\/wp-json\/wp\/v2\/product_brand?post=6315"},{"taxonomy":"product_cat","embeddable":true,"href":"https:\/\/staging.mediconanet.pt\/en\/wp-json\/wp\/v2\/product_cat?post=6315"},{"taxonomy":"product_tag","embeddable":true,"href":"https:\/\/staging.mediconanet.pt\/en\/wp-json\/wp\/v2\/product_tag?post=6315"}],"curies":[{"name":"wp","href":"https:\/\/api.w.org\/{rel}","templated":true}]}}