{"id":6314,"date":"2024-07-03T16:42:24","date_gmt":"2024-07-03T16:42:24","guid":{"rendered":"https:\/\/www.mediconanet.pt\/?post_type=product&#038;p=6314"},"modified":"2026-01-16T17:52:52","modified_gmt":"2026-01-16T17:52:52","slug":"analyses","status":"publish","type":"product","link":"https:\/\/staging.mediconanet.pt\/en\/produto\/analises\/","title":{"rendered":"Analysis"},"content":{"rendered":"<div class=\"flex max-w-full flex-col flex-grow\">\n<div class=\"min-h-[20px] text-message flex w-full flex-col items-end gap-2 break-words [.text-message+&amp;]:mt-5 overflow-x-auto whitespace-normal\" dir=\"auto\" data-message-author-role=\"assistant\" data-message-id=\"901af145-c205-4f4d-9114-04b3ac66890a\">\n<div class=\"flex w-full flex-col gap-1 empty:hidden first:pt-[3px]\">\n<div class=\"markdown prose w-full break-words dark:prose-invert light\">\n<p>As an\u00e1lises cl\u00ednicas s\u00e3o essenciais para o acompanhamento da sa\u00fade, permitindo diagn\u00f3sticos precisos e um tratamento adequado. Com a evolu\u00e7\u00e3o dos servi\u00e7os digitais, pedir uma requisi\u00e7\u00e3o de an\u00e1lises cl\u00ednicas tornou-se muito mais f\u00e1cil e conveniente. Agora, sem precisar sair de casa, pode solicitar os exames necess\u00e1rios de forma r\u00e1pida e segura.<\/p>\n<h2>Simplicidade<\/h2>\n<p>A grande vantagem deste sistema \u00e9 a simplicidade do processo. Com apenas alguns cliques, pode requisitar as an\u00e1lises que precisa, evitando desloca\u00e7\u00f5es desnecess\u00e1rias e filas de espera. Este m\u00e9todo n\u00e3o s\u00f3 poupa tempo, mas tamb\u00e9m oferece uma maior flexibilidade, permitindo que escolha o melhor hor\u00e1rio e local para realizar os exames, adaptando-se \u00e0s suas necessidades.<\/p>\n<p>Al\u00e9m disso, a utiliza\u00e7\u00e3o de plataformas digitais para pedir an\u00e1lises cl\u00ednicas melhora a comunica\u00e7\u00e3o entre o paciente e os profissionais de sa\u00fade. Atrav\u00e9s destas plataformas, \u00e9 poss\u00edvel enviar as requisi\u00e7\u00f5es diretamente para os laborat\u00f3rios, agilizando o processo e garantindo que os exames sejam realizados com a maior brevidade poss\u00edvel.<\/p>\n<h2>Seguran\u00e7a<\/h2>\n<p>Outro benef\u00edcio importante \u00e9 a seguran\u00e7a dos dados. As plataformas online s\u00e3o desenhadas para proteger a privacidade do utente, garantindo que as suas informa\u00e7\u00f5es de sa\u00fade sejam tratadas com a m\u00e1xima confidencialidade.<\/p>\n<p>Em resumo, pedir an\u00e1lises cl\u00ednicas online traz comodidade, rapidez e seguran\u00e7a, permitindo-lhe cuidar da sua sa\u00fade de forma mais eficiente. Esta inova\u00e7\u00e3o facilita o acesso aos cuidados m\u00e9dicos, tornando todo o processo mais simples e adaptado ao ritmo do dia a dia.<\/p>\n<\/div>\n<\/div>\n<\/div>\n<\/div>\n<p>&nbsp;<\/p>\n<p>Oferecemos-lhe um servi\u00e7o de Consulta apoiado num question\u00e1rio, para de forma r\u00e1pida e segura lhe oferecermos um plano para lidar com a queda do seu cabelo.<\/p>\n<p>Os tratamentos sugeridos e aprovados pelos nossos m\u00e9dicos est\u00e3o de acordo com as melhores pr\u00e1ticas vigentes em Portugal. Este servi\u00e7o destina-se a situa\u00e7\u00f5es n\u00e3o urgentes.<\/p>\n<p>Se n\u00e3o se sente bem, por favor ligue para o 112 se for urgente ou emergente, ou para o SNS 24 \u2013 808242424 para situa\u00e7\u00f5es n\u00e3o urgentes.<\/p>\n<p>Se tiver d\u00favidas sobre o seu problema de sa\u00fade ou tratamento, aconselhamos a que marque uma\u00a0<span style=\"color: #54cd5e;\"><a style=\"color: #54cd5e;\" href=\"https:\/\/staging.mediconanet.pt\/produto\/marcar-consulta-online-telefone\/\" target=\"_blank\" rel=\"noopener\">Consulta Telef\u00f3nica<\/a><\/span>\u00a0ou\u00a0<a href=\"https:\/\/staging.mediconanet.pt\/produto\/marcar-consultas\/\" target=\"_blank\" rel=\"noopener\"><span style=\"color: #54cd5e;\">V\u00eddeo Consulta<\/span><\/a>.<\/p>\n","protected":false},"excerpt":{"rendered":"<h1 style=\"text-align: center;\">Clinical Analyses<\/h1>\n<h2 style=\"text-align: center;\">This request costs \u20ac25.00.<\/h2>\n<h2 style=\"text-align: center;\">Answer the questions on the form below. Our doctors will assess your request and you will receive it by email within 24 hours.<\/h2>","protected":false},"featured_media":11485,"template":"","meta":[],"product_brand":[],"product_cat":[70],"product_tag":[75],"class_list":{"0":"post-6314","1":"product","2":"type-product","3":"status-publish","4":"has-post-thumbnail","6":"product_cat-requisicoes-de-exames","7":"product_tag-analises","9":"first","10":"instock","11":"virtual","12":"purchasable","13":"product-type-simple"},"jetpack_sharing_enabled":true,"_links":{"self":[{"href":"https:\/\/staging.mediconanet.pt\/en\/wp-json\/wp\/v2\/product\/6314","targetHints":{"allow":["GET"]}}],"collection":[{"href":"https:\/\/staging.mediconanet.pt\/en\/wp-json\/wp\/v2\/product"}],"about":[{"href":"https:\/\/staging.mediconanet.pt\/en\/wp-json\/wp\/v2\/types\/product"}],"wp:featuredmedia":[{"embeddable":true,"href":"https:\/\/staging.mediconanet.pt\/en\/wp-json\/wp\/v2\/media\/11485"}],"wp:attachment":[{"href":"https:\/\/staging.mediconanet.pt\/en\/wp-json\/wp\/v2\/media?parent=6314"}],"wp:term":[{"taxonomy":"product_brand","embeddable":true,"href":"https:\/\/staging.mediconanet.pt\/en\/wp-json\/wp\/v2\/product_brand?post=6314"},{"taxonomy":"product_cat","embeddable":true,"href":"https:\/\/staging.mediconanet.pt\/en\/wp-json\/wp\/v2\/product_cat?post=6314"},{"taxonomy":"product_tag","embeddable":true,"href":"https:\/\/staging.mediconanet.pt\/en\/wp-json\/wp\/v2\/product_tag?post=6314"}],"curies":[{"name":"wp","href":"https:\/\/api.w.org\/{rel}","templated":true}]}}