{"id":6313,"date":"2024-07-03T16:37:36","date_gmt":"2024-07-03T16:37:36","guid":{"rendered":"https:\/\/www.mediconanet.pt\/?post_type=product&#038;p=6313"},"modified":"2026-01-16T17:49:10","modified_gmt":"2026-01-16T17:49:10","slug":"allergies","status":"publish","type":"product","link":"https:\/\/staging.mediconanet.pt\/en\/produto\/alergias\/","title":{"rendered":"Allergies"},"content":{"rendered":"<p>As alergias ocorrem quando o sistema imunol\u00f3gico reage de forma exagerada a subst\u00e2ncias normalmente inofensivas, como p\u00f3len, certos alimentos ou pelos de animais.<\/p>\n<p>Essas subst\u00e2ncias, conhecidas como al\u00e9rgenos, desencadeiam uma variedade de sintomas.<\/p>\n<h2>Symptoms:<\/h2>\n<p>Quando voc\u00ea tem alergias, pode experimentar espirros, comich\u00e3o nos olhos, corrimento nasal, erup\u00e7\u00f5es cut\u00e2neas, dificuldades respirat\u00f3rias e at\u00e9 incha\u00e7o em certas partes do corpo, dependendo do tipo de alergia.<\/p>\n<p>Entre as alergias mais comuns est\u00e3o as alimentares, a medicamentos, sazonais como a rinite al\u00e9rgica, a animais e a picadas de insetos.<\/p>\n<p>Para diagnosticar alergias, os m\u00e9dicos costumam realizar testes cut\u00e2neos, como testes de puntura ou intrad\u00e9rmicos, al\u00e9m de exames de sangue que medem a presen\u00e7a de anticorpos IgE espec\u00edficos para al\u00e9rgenos.<\/p>\n<p>Embora n\u00e3o exista uma cura definitiva para as alergias, os sintomas podem ser geridos eficazmente com medica\u00e7\u00e3o e mudan\u00e7as no estilo de vida. Em alguns casos, a imunoterapia pode ser uma solu\u00e7\u00e3o para reduzir significativamente a sensibilidade a certos al\u00e9rgenos.<\/p>\n<h2>Tratamentos:<\/h2>\n<p>O tratamento para alergias pode incluir anti-histam\u00ednicos, descongestionantes, corticosteroides e imunoterapia (vacinas para alergia). Al\u00e9m disso, evitar a exposi\u00e7\u00e3o aos al\u00e9rgenos \u00e9 fundamental para controlar os sintomas.<\/p>\n<p>Em caso de uma rea\u00e7\u00e3o al\u00e9rgica grave, como a anafilaxia, \u00e9 crucial procurar imediatamente assist\u00eancia m\u00e9dica de emerg\u00eancia. Pessoas com risco elevado de anafilaxia costumam carregar um auto-injetor de adrenalina, como o EpiPen, para uso em situa\u00e7\u00f5es de emerg\u00eancia.<\/p>\n<p>&nbsp;<\/p>\n<p>We offer you a Consultation service, where we use a questionnaire to quickly and safely create a personalised plan to deal with your situation.<\/p>\n<p>Our doctors suggest and approve treatments in accordance with the best practices in force in Portugal. This service is intended for non-urgent situations.<\/p>\n<p>If you are not feeling well, call 911 in case of urgency or emergency, or NHS 24 \u2013 808242424 in non-urgent situations.<\/p>\n<p>If you have questions about your health problem or treatment, we advise you to schedule a\u00a0<span style=\"color: #54cd5e;\"><a style=\"color: #54cd5e;\" href=\"https:\/\/staging.mediconanet.pt\/en\/product\/book-an-appointment-online-by-phone\/\" target=\"_blank\" rel=\"noopener\">Telephone Consultation<\/a><\/span>\u00a0or\u00a0<a href=\"https:\/\/staging.mediconanet.pt\/en\/product\/book-appointments\/\" target=\"_blank\" rel=\"noopener\"><span style=\"color: #54cd5e;\">Video Appointment<\/span><\/a>.<\/p>","protected":false},"excerpt":{"rendered":"<h2 style=\"text-align: center;\">Allergy and Allergic Rhinitis Consultation<\/h2>","protected":false},"featured_media":11714,"template":"","meta":[],"product_brand":[],"product_cat":[82,68],"product_tag":[72],"class_list":{"0":"post-6313","1":"product","2":"type-product","3":"status-publish","4":"has-post-thumbnail","6":"product_cat-consultas","7":"product_cat-medicina-geral","8":"product_tag-alergias","10":"first","11":"instock","12":"virtual","13":"purchasable","14":"product-type-simple"},"jetpack_sharing_enabled":true,"_links":{"self":[{"href":"https:\/\/staging.mediconanet.pt\/en\/wp-json\/wp\/v2\/product\/6313","targetHints":{"allow":["GET"]}}],"collection":[{"href":"https:\/\/staging.mediconanet.pt\/en\/wp-json\/wp\/v2\/product"}],"about":[{"href":"https:\/\/staging.mediconanet.pt\/en\/wp-json\/wp\/v2\/types\/product"}],"wp:featuredmedia":[{"embeddable":true,"href":"https:\/\/staging.mediconanet.pt\/en\/wp-json\/wp\/v2\/media\/11714"}],"wp:attachment":[{"href":"https:\/\/staging.mediconanet.pt\/en\/wp-json\/wp\/v2\/media?parent=6313"}],"wp:term":[{"taxonomy":"product_brand","embeddable":true,"href":"https:\/\/staging.mediconanet.pt\/en\/wp-json\/wp\/v2\/product_brand?post=6313"},{"taxonomy":"product_cat","embeddable":true,"href":"https:\/\/staging.mediconanet.pt\/en\/wp-json\/wp\/v2\/product_cat?post=6313"},{"taxonomy":"product_tag","embeddable":true,"href":"https:\/\/staging.mediconanet.pt\/en\/wp-json\/wp\/v2\/product_tag?post=6313"}],"curies":[{"name":"wp","href":"https:\/\/api.w.org\/{rel}","templated":true}]}}