{"id":47789,"date":"2025-12-09T09:44:37","date_gmt":"2025-12-09T09:44:37","guid":{"rendered":"https:\/\/www.mediconanet.pt\/?post_type=product&#038;p=47789"},"modified":"2026-01-07T15:39:34","modified_gmt":"2026-01-07T15:39:34","slug":"ist-consultation","status":"publish","type":"product","link":"https:\/\/staging.mediconanet.pt\/en\/produto\/consulta-ist\/","title":{"rendered":"IST Consultation"},"content":{"rendered":"<p><span style=\"font-weight: 400;\">Do you suspect an STD? Speak to a doctor online quickly and confidentially.<\/span><\/p>\n<p><span style=\"font-weight: 400;\">O m\u00e9dico avalia o seu caso, indica as an\u00e1lises corretas e, se necess\u00e1rio, o tratamento adequado, tudo sem sair de casa.<\/span><\/p>\n<p><b>Do you suspect a specific infection?\u00a0<\/b><\/p>\n<p><span style=\"font-weight: 400;\">\ud83d\udd39 Clam\u00eddia<\/span><\/p>\n<p><span style=\"font-weight: 400;\">\ud83d\udd39 Gonorreia<\/span><\/p>\n<p><span style=\"font-weight: 400;\">\ud83d\udd39 Herpes Genital<\/span><\/p>\n<p><span style=\"font-weight: 400;\">\ud83d\udd39 Hepatite B<\/span><\/p>\n<p><span style=\"font-weight: 400;\">\ud83d\udd39 HIV<\/span><\/p>\n<p><span style=\"font-weight: 400;\">\ud83d\udd39 S\u00edfilis<\/span><\/p>\n<p><span style=\"font-weight: 400;\">\ud83d\udd39 Mycoplasma genitalium<\/span><\/p>\n<p><span style=\"font-weight: 400;\">\ud83d\udd39 V\u00edrus do Papiloma Humano (HPV)<\/span><\/p>\n<p>&nbsp;<\/p>","protected":false},"excerpt":{"rendered":"<p>Suspeita de uma DST? Fale com um m\u00e9dico online de forma r\u00e1pida e confidencial. O m\u00e9dico avalia o seu caso, indica as an\u00e1lises corretas e, se necess\u00e1rio, o tratamento adequado, tudo sem sair de casa. Suspeita de uma infec\u00e7\u00e3o espec\u00edfica?\u00a0 \ud83d\udd39 Clam\u00eddia \ud83d\udd39 Gonorreia \ud83d\udd39 Herpes Genital \ud83d\udd39 Hepatite B \ud83d\udd39 HIV \ud83d\udd39 S\u00edfilis \ud83d\udd39 [&hellip;]<\/p>\n","protected":false},"featured_media":36378,"template":"","meta":[],"product_brand":[],"product_cat":[195,64],"product_tag":[196],"class_list":{"0":"post-47789","1":"product","2":"type-product","3":"status-publish","4":"has-post-thumbnail","6":"product_cat-ist","7":"product_cat-saude-sexual","8":"product_tag-ist","10":"first","11":"instock","12":"shipping-taxable","13":"purchasable","14":"product-type-simple"},"jetpack_sharing_enabled":true,"_links":{"self":[{"href":"https:\/\/staging.mediconanet.pt\/en\/wp-json\/wp\/v2\/product\/47789","targetHints":{"allow":["GET"]}}],"collection":[{"href":"https:\/\/staging.mediconanet.pt\/en\/wp-json\/wp\/v2\/product"}],"about":[{"href":"https:\/\/staging.mediconanet.pt\/en\/wp-json\/wp\/v2\/types\/product"}],"wp:featuredmedia":[{"embeddable":true,"href":"https:\/\/staging.mediconanet.pt\/en\/wp-json\/wp\/v2\/media\/36378"}],"wp:attachment":[{"href":"https:\/\/staging.mediconanet.pt\/en\/wp-json\/wp\/v2\/media?parent=47789"}],"wp:term":[{"taxonomy":"product_brand","embeddable":true,"href":"https:\/\/staging.mediconanet.pt\/en\/wp-json\/wp\/v2\/product_brand?post=47789"},{"taxonomy":"product_cat","embeddable":true,"href":"https:\/\/staging.mediconanet.pt\/en\/wp-json\/wp\/v2\/product_cat?post=47789"},{"taxonomy":"product_tag","embeddable":true,"href":"https:\/\/staging.mediconanet.pt\/en\/wp-json\/wp\/v2\/product_tag?post=47789"}],"curies":[{"name":"wp","href":"https:\/\/api.w.org\/{rel}","templated":true}]}}