{"id":46772,"date":"2025-12-02T13:04:30","date_gmt":"2025-12-02T13:04:30","guid":{"rendered":"https:\/\/www.mediconanet.pt\/?post_type=product&#038;p=46772"},"modified":"2026-02-18T11:03:53","modified_gmt":"2026-02-18T11:03:53","slug":"chlamydia","status":"publish","type":"product","link":"https:\/\/staging.mediconanet.pt\/en\/produto\/clamidia\/","title":{"rendered":"Clam\u00eddia &#8211; Diagn\u00f3stico"},"content":{"rendered":"<p><span style=\"font-weight: 400;\">The doctor assesses your case, indicates the appropriate analyses and, if confirmed, the right treatment.<\/span><\/p>\n<p><b>Most common symptoms:<\/b><\/p>\n<ul>\n<li style=\"font-weight: 400;\" aria-level=\"1\"><span style=\"font-weight: 400;\">Burning or pain when urinating<\/span><\/li>\n<li style=\"font-weight: 400;\" aria-level=\"1\"><span style=\"font-weight: 400;\">Abnormal vaginal or urethral discharge<\/span><\/li>\n<li style=\"font-weight: 400;\" aria-level=\"1\"><span style=\"font-weight: 400;\">Pelvic or lower abdominal pain<\/span><\/li>\n<li style=\"font-weight: 400;\" aria-level=\"1\"><span style=\"font-weight: 400;\">Pain during sex<\/span><\/li>\n<li style=\"font-weight: 400;\" aria-level=\"1\"><span style=\"font-weight: 400;\">Bleeding after intercourse<\/span><\/li>\n<li style=\"font-weight: 400;\" aria-level=\"1\"><span style=\"font-weight: 400;\">Sensation of inflammation in the genital area<\/span><\/li>\n<\/ul>\n<p><b>What is chlamydia? <\/b><\/p>\n<p><span style=\"font-weight: 400;\">Chlamydia is a <\/span><b>sexually transmitted infection (STI)<\/b><span style=\"font-weight: 400;\"> caused by the bacterium <\/span><i><span style=\"font-weight: 400;\">Chlamydia trachomatis<\/span><\/i><span style=\"font-weight: 400;\">. It is one of the most common STIs in young adults and can affect both men and women. The big challenge with chlamydia is that many infected people <\/span><b>no symptoms<\/b><span style=\"font-weight: 400;\">, This facilitates transmission without the carrier knowing.<\/span><\/p>\n<p><span style=\"font-weight: 400;\">When left untreated, chlamydia can develop into serious problems such as pelvic inflammatory disease in women, infertility and inflammation of the testicles in men. The good news is that, with early diagnosis, the infection is <\/span><b>fully treatable<\/b><span style=\"font-weight: 400;\">. At M\u00e9dico na Net, we offer simple, discreet and quick tests to detect chlamydia without the need to travel or queue.<\/span><\/p>\n<p><b>Chlamydia symptoms<\/b><\/p>\n<p><span style=\"font-weight: 400;\">The symptoms of chlamydia vary greatly from person to person, and around 70% of women and 50% of men <\/span><b>no obvious signs<\/b><span style=\"font-weight: 400;\">. When they appear, they may include:<\/span><\/p>\n<p><span style=\"font-weight: 400;\">In women:<\/span><\/p>\n<ul>\n<li style=\"font-weight: 400;\" aria-level=\"1\"><span style=\"font-weight: 400;\">Abnormal vaginal discharge<\/span><\/li>\n<li style=\"font-weight: 400;\" aria-level=\"1\"><span style=\"font-weight: 400;\">Pain or burning during urination<\/span><\/li>\n<li style=\"font-weight: 400;\" aria-level=\"1\"><span style=\"font-weight: 400;\">Pain during sexual intercourse<\/span><\/li>\n<li style=\"font-weight: 400;\" aria-level=\"1\"><span style=\"font-weight: 400;\">Bleeding outside the menstrual period<\/span><\/li>\n<li style=\"font-weight: 400;\" aria-level=\"1\"><span style=\"font-weight: 400;\">Pelvic or abdominal pain<\/span><span style=\"font-weight: 400;\"><br \/>\n<\/span><\/li>\n<\/ul>\n<p><span style=\"font-weight: 400;\">In men:<\/span><\/p>\n<ul>\n<li style=\"font-weight: 400;\" aria-level=\"1\"><span style=\"font-weight: 400;\">Clear or whitish discharge from the urethra<\/span><\/li>\n<li style=\"font-weight: 400;\" aria-level=\"1\"><span style=\"font-weight: 400;\">Pain or burning during urination<\/span><\/li>\n<li style=\"font-weight: 400;\" aria-level=\"1\"><span style=\"font-weight: 400;\">Inflammation or pain in the testicles<\/span><\/li>\n<li style=\"font-weight: 400;\" aria-level=\"1\"><span style=\"font-weight: 400;\">Pain, discharge or bleeding after anal sex<\/span><span style=\"font-weight: 400;\"><br \/>\n<\/span><\/li>\n<\/ul>\n<p><span style=\"font-weight: 400;\">The symptoms can be mild, which leads many people to ignore them. If you notice any of these signs or if you've had unprotected sexual contact, it's essential to get checked out. <\/span><b>chlamydia test<\/b><span style=\"font-weight: 400;\"> as soon as possible.<\/span><\/p>\n<p><b>Causes of chlamydia<\/b><\/p>\n<p><span style=\"font-weight: 400;\">Chlamydia is transmitted mainly through <\/span><b>unprotected vaginal, anal or oral sexual contact<\/b><span style=\"font-weight: 400;\"> with someone who is infected. The bacterium doesn't need ejaculation to be transmitted, which makes prevention even more important.<\/span><\/p>\n<p><span style=\"font-weight: 400;\">Other forms of transmission include:<\/span><\/p>\n<ul>\n<li style=\"font-weight: 400;\" aria-level=\"1\"><span style=\"font-weight: 400;\">Sharing sex toys without proper sanitisation<\/span><\/li>\n<li style=\"font-weight: 400;\" aria-level=\"1\"><span style=\"font-weight: 400;\">Transmission from mother to baby during labour<\/span><\/li>\n<\/ul>\n<p><span style=\"font-weight: 400;\">Chlamydia is not transmitted by everyday objects such as toilets, towels or cutlery. The best form of prevention is consistent condom use and regular testing, especially if you have new or multiple partners.<\/span><\/p>\n<p><b>How do we diagnose chlamydia?\u00a0<\/b><\/p>\n<p><span style=\"font-weight: 400;\">Chlamydia is diagnosed through <\/span><b>specific laboratory analyses<\/b><span style=\"font-weight: 400;\">, These tests are usually nucleic acid amplification tests (TAAN\/PCR), which make it possible to accurately identify the presence of the bacteria. <\/span><i><span style=\"font-weight: 400;\">Chlamydia trachomatis<\/span><\/i><span style=\"font-weight: 400;\">, even in cases without symptoms.<\/span><\/p>\n<p><span style=\"font-weight: 400;\">At M\u00e9dico na Net, the process is structured to guarantee clinical rigour, privacy and speed:<\/span><\/p>\n<ol>\n<li style=\"font-weight: 400;\" aria-level=\"1\"><b>First online consultation:<\/b><span style=\"font-weight: 400;\"> One of our doctors will assess your symptoms, history and risk factors. Based on this assessment, he or she will indicate the most appropriate laboratory tests to detect or exclude chlamydia, usually through urine or swab tests, depending on the case.<\/span><\/li>\n<li style=\"font-weight: 400;\" aria-level=\"1\"><b>Carrying out the analyses:<\/b><span style=\"font-weight: 400;\"> The patient goes to a laboratory of their choice to have the sample taken.\u00a0<\/span><\/li>\n<li style=\"font-weight: 400;\" aria-level=\"1\"><b>Receipt of results:<\/b><span style=\"font-weight: 400;\"> As soon as the laboratory makes the results available, they are sent directly and securely to your email address.<\/span><\/li>\n<li style=\"font-weight: 400;\" aria-level=\"1\"><b>Second consultation (if positive):<\/b><b><br \/>\n<\/b><span style=\"font-weight: 400;\">If the result confirms the presence of chlamydia, the patient returns to M\u00e9dico na Net for a second consultation. At this stage, the doctor explains the result, clarifies any doubts and <\/span><b>indicates the appropriate treatment<\/b><span style=\"font-weight: 400;\">, and all the necessary follow-up until the infection is resolved.<\/span><span style=\"font-weight: 400;\"><br \/>\n<\/span><\/li>\n<\/ol>\n<p><span style=\"font-weight: 400;\">This complete process allows for a quick, safe and doctor-guided diagnosis, without unnecessary waiting and with total discretion.<\/span><\/p>\n<p><b>Infe\u00e7\u00f5es assintom\u00e1ticas: o risco invis\u00edvel da clam\u00eddia<\/b><\/p>\n<p><span style=\"font-weight: 400;\">Up to 70% of chlamydial infections are completely asymptomatic.<\/span><\/p>\n<p><span style=\"font-weight: 400;\">Even when it doesn't cause symptoms, the infection can:<\/span><\/p>\n<ul>\n<li style=\"font-weight: 400;\" aria-level=\"1\"><span style=\"font-weight: 400;\">Pelvic inflammatory disease<\/span><\/li>\n<li style=\"font-weight: 400;\" aria-level=\"1\"><span style=\"font-weight: 400;\">Infertility<\/span><\/li>\n<li style=\"font-weight: 400;\" aria-level=\"1\"><span style=\"font-weight: 400;\">Ectopic pregnancy<\/span><\/li>\n<\/ul>\n<p><span style=\"font-weight: 400;\">What's more, a silent infection can act as a <\/span><b>hidden reservoir<\/b><span style=\"font-weight: 400;\">, and continues to be passed on to partners without anyone realising.<\/span><\/p>\n<p><b>How the chlamydia consultation works\u00a0<\/b><\/p>\n<ol>\n<li style=\"font-weight: 400;\" aria-level=\"1\"><span style=\"font-weight: 400;\">Set the day and time of your video consultation in the calendar and answer the questions on the form.<\/span><\/li>\n<li style=\"font-weight: 400;\" aria-level=\"1\"><span style=\"font-weight: 400;\">Make the payment.<\/span><\/li>\n<li style=\"font-weight: 400;\" aria-level=\"1\"><span style=\"font-weight: 400;\">On the day of your appointment, the doctor will analyse your situation and indicate which tests you should undergo.<\/span><\/li>\n<li style=\"font-weight: 400;\" aria-level=\"1\"><span style=\"font-weight: 400;\">If the test is positive, you need to book a second appointment and the doctor will recommend the most appropriate treatment.<\/span><\/li>\n<\/ol>\n<p><b>FAQ's<\/b><\/p>\n<h3><b>O que \u00e9 a clam\u00eddia?<\/b><\/h3>\n<p><span style=\"font-weight: 400;\">Chlamydia is a sexually transmitted infection (STI) caused by the bacterium <\/span><i><span style=\"font-weight: 400;\">Chlamydia trachomatis<\/span><\/i><span style=\"font-weight: 400;\">. It is common, affects both men and women, and can lead to complications if left untreated.<\/span><\/p>\n<h3><b>Can I have chlamydia without symptoms?<\/b><\/h3>\n<p><span style=\"font-weight: 400;\">Yes. Up to 70% in women and 50% in men with chlamydia <\/span><b>no symptoms<\/b><span style=\"font-weight: 400;\">. Even without signs, the infection is still active, transmissible and can cause problems in the medium term.<\/span><\/p>\n<h3><b>What are the most common symptoms of chlamydia?<\/b><\/h3>\n<p><span style=\"font-weight: 400;\">When they exist, symptoms can include:<\/span><\/p>\n<ul>\n<li style=\"font-weight: 400;\" aria-level=\"1\"><span style=\"font-weight: 400;\">Vaginal or penile discharge<\/span><\/li>\n<li style=\"font-weight: 400;\" aria-level=\"1\"><span style=\"font-weight: 400;\">Burning or pain when urinating<\/span><\/li>\n<li style=\"font-weight: 400;\" aria-level=\"1\"><span style=\"font-weight: 400;\">Pelvic or abdominal pain<\/span><\/li>\n<li style=\"font-weight: 400;\" aria-level=\"1\"><span style=\"font-weight: 400;\">Pain during sexual intercourse<\/span><\/li>\n<li style=\"font-weight: 400;\" aria-level=\"1\"><span style=\"font-weight: 400;\">Bleeding after sex<\/span><\/li>\n<li style=\"font-weight: 400;\" aria-level=\"1\"><span style=\"font-weight: 400;\">Inflammation or discomfort in the genital area<\/span><\/li>\n<\/ul>\n<h3><b>How does remote chlamydia screening work?<\/b><\/h3>\n<p><span style=\"font-weight: 400;\">After booking your appointment online and filling in the clinical questionnaire, the doctor will assess your case and <\/span><b>you can ask for analyses (urine or swab)<\/b><span style=\"font-weight: 400;\">.<\/span><span style=\"font-weight: 400;\"><br \/>\n<\/span><span style=\"font-weight: 400;\">The patient can <\/span><b>carry out the analyses in the laboratory of your choice<\/b><span style=\"font-weight: 400;\">, as long as the site carries out the requested tests.<\/span><\/p>\n<h3><b>Is the screening confidential?<\/b><\/h3>\n<p><span style=\"font-weight: 400;\">Yes. All medical information and personal data is processed in accordance with confidentiality and data protection regulations. The results are not shared with third parties without your consent.<\/span><\/p>\n<h3><b>What happens if you test positive for chlamydia?<\/b><\/h3>\n<p><span style=\"font-weight: 400;\">You will have a <\/span><b>second consultation<\/b><span style=\"font-weight: 400;\"> online with the M\u00e9dico na Net doctor. In this consultation, the professional explains the result, <\/span><b>prescribes the appropriate treatment<\/b><span style=\"font-weight: 400;\"> and advises on how to follow the necessary precautions to avoid re-infection.<\/span><\/p>\n<h3><b>Do I need to inform my sexual partners?<\/b><\/h3>\n<p><span style=\"font-weight: 400;\">Yes. Current or recent partners should be informed so that they can also be tested and receive treatment if necessary. This prevents re-infection and protects everyone's health. Your doctor can advise you on the most appropriate way to communicate this information.<\/span><\/p>\n<h3><b>When should I repeat the chlamydia screening?<\/b><\/h3>\n<ul>\n<li style=\"font-weight: 400;\" aria-level=\"1\"><span style=\"font-weight: 400;\">People with multiple partners or risky behaviour: <\/span><b>every 3 to 6 months<\/b><\/li>\n<li style=\"font-weight: 400;\" aria-level=\"1\"><span style=\"font-weight: 400;\">People with a steady partner: <\/span><b>at least once a year<\/b><b><br \/>\n<\/b><span style=\"font-weight: 400;\"> You should also test yourself again whenever symptoms appear.<\/span><span style=\"font-weight: 400;\"><br \/>\n<\/span><\/li>\n<\/ul>\n<h3><b>Can chlamydia be cured?<\/b><\/h3>\n<p><span style=\"font-weight: 400;\">Yes. Chlamydia is a bacterial infection <\/span><b>fully treatable<\/b><span style=\"font-weight: 400;\"> with the medication prescribed by the doctor. It is essential to fulfil the treatment to the end and follow the clinical guidelines.<\/span><\/p>\n<h3><b>Does the service prescribe medication for chlamydia?<\/b><\/h3>\n<p><span style=\"font-weight: 400;\">Yes. Once the diagnosis has been confirmed, the doctor can issue a prescription for the appropriate treatment and monitor the progress of the infection.<\/span><\/p>\n<h3><b>What if I have alarm bells?<\/b><\/h3>\n<p><span style=\"font-weight: 400;\">If you experience severe abdominal pain, high fever, vomiting, severe dizziness or loss of consciousness, you should immediately seek emergency care. Teleconsultation is not a substitute for face-to-face emergency care.<\/span><\/p>","protected":false},"excerpt":{"rendered":"<p>O m\u00e9dico avalia o seu caso, indica as an\u00e1lises adequadas e, se confirmado, o tratamento certo. Sintomas mais comuns: Ardor ou dor ao urinar Corrimento vaginal ou uretral anormal Dor p\u00e9lvica ou abdominal baixa Dor durante o sexo Sangramento ap\u00f3s rela\u00e7\u00f5es Sensa\u00e7\u00e3o de inflama\u00e7\u00e3o na zona genital O que \u00e9 clam\u00eddia? A clam\u00eddia \u00e9 uma [&hellip;]<\/p>\n","protected":false},"featured_media":36378,"template":"","meta":[],"product_brand":[],"product_cat":[195,64],"product_tag":[197,196],"class_list":{"0":"post-46772","1":"product","2":"type-product","3":"status-publish","4":"has-post-thumbnail","6":"product_cat-ist","7":"product_cat-saude-sexual","8":"product_tag-clamidia","9":"product_tag-ist","11":"first","12":"instock","13":"shipping-taxable","14":"purchasable","15":"product-type-simple"},"jetpack_sharing_enabled":true,"_links":{"self":[{"href":"https:\/\/staging.mediconanet.pt\/en\/wp-json\/wp\/v2\/product\/46772","targetHints":{"allow":["GET"]}}],"collection":[{"href":"https:\/\/staging.mediconanet.pt\/en\/wp-json\/wp\/v2\/product"}],"about":[{"href":"https:\/\/staging.mediconanet.pt\/en\/wp-json\/wp\/v2\/types\/product"}],"wp:featuredmedia":[{"embeddable":true,"href":"https:\/\/staging.mediconanet.pt\/en\/wp-json\/wp\/v2\/media\/36378"}],"wp:attachment":[{"href":"https:\/\/staging.mediconanet.pt\/en\/wp-json\/wp\/v2\/media?parent=46772"}],"wp:term":[{"taxonomy":"product_brand","embeddable":true,"href":"https:\/\/staging.mediconanet.pt\/en\/wp-json\/wp\/v2\/product_brand?post=46772"},{"taxonomy":"product_cat","embeddable":true,"href":"https:\/\/staging.mediconanet.pt\/en\/wp-json\/wp\/v2\/product_cat?post=46772"},{"taxonomy":"product_tag","embeddable":true,"href":"https:\/\/staging.mediconanet.pt\/en\/wp-json\/wp\/v2\/product_tag?post=46772"}],"curies":[{"name":"wp","href":"https:\/\/api.w.org\/{rel}","templated":true}]}}