{"id":43166,"date":"2025-10-29T13:19:46","date_gmt":"2025-10-29T13:19:46","guid":{"rendered":"https:\/\/www.mediconanet.pt\/?post_type=product&#038;p=43166"},"modified":"2026-01-16T19:09:26","modified_gmt":"2026-01-16T19:09:26","slug":"sick-leave-cit-medicare","status":"publish","type":"product","link":"https:\/\/staging.mediconanet.pt\/en\/produto\/baixa-medica-cit-medicare\/","title":{"rendered":"Medicare sick leave (CIT)"},"content":{"rendered":"<h1>Medical leave (CIT)<\/h1>\n<p>Para a obter voc\u00ea precisa do CIT &#8211; Certificado de Incapacidade Tempor\u00e1ria para o Trabalho por Doen\u00e7a. Um m\u00e9dico emite este documento oficial para confirmar a sua incapacidade tempor\u00e1ria de exercer a atividade profissional devido a doen\u00e7a ou acidente.<\/p>\n<p>M\u00e9dicos do Servi\u00e7o Nacional de Sa\u00fade (SNS), bem como aqueles de entidades com acordo com o SNS e m\u00e9dicos privados devidamente autorizados, t\u00eam a autoridade para emitir o CIT.<\/p>\n<p>Primeiro, consulte um m\u00e9dico. Ap\u00f3s avaliar a sua condi\u00e7\u00e3o de sa\u00fade, o m\u00e9dico decidir\u00e1 se \u00e9 necess\u00e1rio emitir o certificado.<\/p>\n<p>Assim que voc\u00ea receber o CIT, informe a sua entidade empregadora e entregue-o dentro do prazo m\u00e1ximo de cinco dias \u00fateis. O m\u00e9dico geralmente envia o certificado \u00e0 Seguran\u00e7a Social automaticamente.<\/p>\n<p>O m\u00e9dico determina a validade do certificado, que pode variar de alguns dias a v\u00e1rias semanas, conforme a gravidade da sua condi\u00e7\u00e3o. Se necess\u00e1rio, o m\u00e9dico pode prorrogar o per\u00edodo de incapacidade.<\/p>\n<p>Se o certificado expirar e voc\u00ea ainda n\u00e3o estiver apto para trabalhar, consulte novamente o seu m\u00e9dico para uma nova avalia\u00e7\u00e3o.<\/p>\n<p>O m\u00e9dico pode emitir um novo certificado se achar necess\u00e1rio.<\/p>\n<p>A legisla\u00e7\u00e3o laboral protege voc\u00ea contra o despedimento devido a doen\u00e7a. No entanto, se o per\u00edodo de incapacidade se prolongar demasiado, voc\u00ea precisar\u00e1 discutir a situa\u00e7\u00e3o com o empregador e\/ou consultar um advogado especializado em direito laboral.<\/p>\n<p>&nbsp;<\/p>\n<p>We offer you a Consultation service, where we use a questionnaire to quickly and safely create a personalised plan to deal with your situation.<\/p>\n<p>Our doctors suggest and approve treatments in accordance with the best practices in force in Portugal. This service is intended for non-urgent situations.<\/p>\n<p>If you are not feeling well, call 911 in case of urgency or emergency, or NHS 24 \u2013 808242424 in non-urgent situations.<\/p>\n<p>If you have questions about your health problem or treatment, we advise you to schedule a\u00a0<span style=\"color: #54cd5e;\"><a style=\"color: #54cd5e;\" href=\"https:\/\/staging.mediconanet.pt\/en\/product\/book-an-appointment-online-by-phone\/\" target=\"_blank\" rel=\"noopener\">Telephone Consultation<\/a><\/span>\u00a0or\u00a0<a href=\"https:\/\/staging.mediconanet.pt\/en\/product\/book-appointments\/\" target=\"_blank\" rel=\"noopener\"><span style=\"color: #54cd5e;\">Video Appointment<\/span><\/a>.<\/p>\n<p>&nbsp;<\/p>","protected":false},"excerpt":{"rendered":"<h2 style=\"text-align: center;\">Medical leave - CIT<\/h2>","protected":false},"featured_media":43156,"template":"","meta":[],"product_brand":[],"product_cat":[82,183],"product_tag":[179,181],"class_list":{"0":"post-43166","1":"product","2":"type-product","3":"status-publish","4":"has-post-thumbnail","6":"product_cat-consultas","7":"product_cat-medicare","8":"product_tag-baixa-medicare","9":"product_tag-medicare","11":"first","12":"instock","13":"virtual","14":"sold-individually","15":"purchasable","16":"product-type-simple"},"jetpack_sharing_enabled":true,"_links":{"self":[{"href":"https:\/\/staging.mediconanet.pt\/en\/wp-json\/wp\/v2\/product\/43166","targetHints":{"allow":["GET"]}}],"collection":[{"href":"https:\/\/staging.mediconanet.pt\/en\/wp-json\/wp\/v2\/product"}],"about":[{"href":"https:\/\/staging.mediconanet.pt\/en\/wp-json\/wp\/v2\/types\/product"}],"wp:featuredmedia":[{"embeddable":true,"href":"https:\/\/staging.mediconanet.pt\/en\/wp-json\/wp\/v2\/media\/43156"}],"wp:attachment":[{"href":"https:\/\/staging.mediconanet.pt\/en\/wp-json\/wp\/v2\/media?parent=43166"}],"wp:term":[{"taxonomy":"product_brand","embeddable":true,"href":"https:\/\/staging.mediconanet.pt\/en\/wp-json\/wp\/v2\/product_brand?post=43166"},{"taxonomy":"product_cat","embeddable":true,"href":"https:\/\/staging.mediconanet.pt\/en\/wp-json\/wp\/v2\/product_cat?post=43166"},{"taxonomy":"product_tag","embeddable":true,"href":"https:\/\/staging.mediconanet.pt\/en\/wp-json\/wp\/v2\/product_tag?post=43166"}],"curies":[{"name":"wp","href":"https:\/\/api.w.org\/{rel}","templated":true}]}}