{"id":31010,"date":"2025-07-08T16:14:55","date_gmt":"2025-07-08T15:14:55","guid":{"rendered":"https:\/\/www.mediconanet.pt\/?post_type=product&#038;p=31010"},"modified":"2026-01-07T15:39:10","modified_gmt":"2026-01-07T15:39:10","slug":"additional-adult-traveller-consultation","status":"publish","type":"product","link":"https:\/\/staging.mediconanet.pt\/en\/produto\/consulta-do-viajante-adulto-adicional\/","title":{"rendered":"Traveller Consultation - Additional Adult"},"content":{"rendered":"<p>A consulta do viajante \u00e9 uma consulta m\u00e9dica especializada que voc\u00ea deve procurar se planeia viajar para destinos internacionais. Durante esta consulta, o m\u00e9dico fornece informa\u00e7\u00f5es e medidas de preven\u00e7\u00e3o relacionadas com a sa\u00fade durante a viagem, incluindo vacinas e conselhos sobre riscos espec\u00edficos.<\/p>\n<p>Se voc\u00ea est\u00e1 a planejar uma viagem para destinos internacionais, especialmente para pa\u00edses tropicais, subtropicais ou com condi\u00e7\u00f5es sanit\u00e1rias diferentes, \u00e9 essencial marcar uma consulta do viajante. Isso \u00e9 especialmente importante para pessoas com condi\u00e7\u00f5es de sa\u00fade preexistentes, gr\u00e1vidas, crian\u00e7as ou idosos.<\/p>\n<p>Recomendamos que voc\u00ea marque a consulta do viajante pelo menos 4 a 6 semanas antes da data da viagem. Dessa forma, garantimos que h\u00e1 tempo suficiente para administrar todas as vacinas necess\u00e1rias e que estas se tornem eficazes.<\/p>\n<p>Durante a consulta, o m\u00e9dico avaliar\u00e1 a sua sa\u00fade, discutir\u00e1 o itiner\u00e1rio da sua viagem e os riscos potenciais associados ao destino. Al\u00e9m disso, o m\u00e9dico fornecer\u00e1 informa\u00e7\u00f5es sobre vacinas necess\u00e1rias, medicamentos preventivos (como antimal\u00e1ricos) e conselhos sobre precau\u00e7\u00f5es alimentares e comportamentais.<\/p>\n<p>Algumas vacinas podem ser cobertas pelo Servi\u00e7o Nacional de Sa\u00fade (SNS), mas voc\u00ea poder\u00e1 precisar pagar por outras. \u00c9 importante verificar antecipadamente os custos associados e confirmar se o seu seguro de sa\u00fade cobre alguma parte desses custos.<\/p>\n<p>&nbsp;<\/p>\n<p>We offer you a Consultation service, where we use a questionnaire to quickly and safely create a personalised plan to deal with your situation.<\/p>\n<p>Our doctors suggest and approve treatments in accordance with the best practices in force in Portugal. This service is intended for non-urgent situations.<\/p>\n<p>If you are not feeling well, call 911 in case of urgency or emergency, or NHS 24 \u2013 808242424 in non-urgent situations.<\/p>\n<p>If you have questions about your health problem or treatment, we advise you to schedule a\u00a0<span style=\"color: #54cd5e;\"><a style=\"color: #54cd5e;\" href=\"https:\/\/staging.mediconanet.pt\/en\/product\/book-an-appointment-online-by-phone\/\" target=\"_blank\" rel=\"noopener\">Telephone Consultation<\/a><\/span>\u00a0or\u00a0<a href=\"https:\/\/staging.mediconanet.pt\/en\/product\/book-appointments\/\" target=\"_blank\" rel=\"noopener\"><span style=\"color: #54cd5e;\">Video Appointment<\/span><\/a>.<\/p>","protected":false},"excerpt":{"rendered":"<h1 style=\"text-align: center;\">Traveler Consultation<\/h1>\n<h2 style=\"text-align: center;\">Book your video appointment depending on how many people are travelling.<\/h2>","protected":false},"featured_media":11679,"template":"","meta":[],"product_brand":[],"product_cat":[82],"product_tag":[79],"class_list":{"0":"post-31010","1":"product","2":"type-product","3":"status-publish","4":"has-post-thumbnail","6":"product_cat-consultas","7":"product_tag-viajante","9":"first","10":"instock","11":"virtual","12":"purchasable","13":"product-type-simple"},"jetpack_sharing_enabled":true,"_links":{"self":[{"href":"https:\/\/staging.mediconanet.pt\/en\/wp-json\/wp\/v2\/product\/31010","targetHints":{"allow":["GET"]}}],"collection":[{"href":"https:\/\/staging.mediconanet.pt\/en\/wp-json\/wp\/v2\/product"}],"about":[{"href":"https:\/\/staging.mediconanet.pt\/en\/wp-json\/wp\/v2\/types\/product"}],"wp:featuredmedia":[{"embeddable":true,"href":"https:\/\/staging.mediconanet.pt\/en\/wp-json\/wp\/v2\/media\/11679"}],"wp:attachment":[{"href":"https:\/\/staging.mediconanet.pt\/en\/wp-json\/wp\/v2\/media?parent=31010"}],"wp:term":[{"taxonomy":"product_brand","embeddable":true,"href":"https:\/\/staging.mediconanet.pt\/en\/wp-json\/wp\/v2\/product_brand?post=31010"},{"taxonomy":"product_cat","embeddable":true,"href":"https:\/\/staging.mediconanet.pt\/en\/wp-json\/wp\/v2\/product_cat?post=31010"},{"taxonomy":"product_tag","embeddable":true,"href":"https:\/\/staging.mediconanet.pt\/en\/wp-json\/wp\/v2\/product_tag?post=31010"}],"curies":[{"name":"wp","href":"https:\/\/api.w.org\/{rel}","templated":true}]}}