{"id":43153,"date":"2025-10-29T13:15:12","date_gmt":"2025-10-29T13:15:12","guid":{"rendered":"https:\/\/www.mediconanet.pt\/?page_id=43153"},"modified":"2025-10-30T10:54:05","modified_gmt":"2025-10-30T10:54:05","slug":"medicare","status":"publish","type":"page","link":"https:\/\/staging.mediconanet.pt\/en\/medicare\/","title":{"rendered":"Medicare Services"},"content":{"rendered":"<div data-elementor-type=\"wp-page\" data-elementor-id=\"43153\" class=\"elementor elementor-43153\" data-elementor-post-type=\"page\">\n\t\t\t\t<div class=\"elementor-element elementor-element-7392e97 e-flex e-con-boxed e-con e-parent\" data-id=\"7392e97\" data-element_type=\"container\" data-e-type=\"container\" data-settings=\"{&quot;background_background&quot;:&quot;classic&quot;}\">\n\t\t\t\t\t<div class=\"e-con-inner\">\n\t\t<div class=\"elementor-element elementor-element-1399711 e-con-full e-flex e-con e-child\" data-id=\"1399711\" data-element_type=\"container\" data-e-type=\"container\">\n\t\t\t\t<div class=\"elementor-element elementor-element-9f107df elementor-widget elementor-widget-heading\" data-id=\"9f107df\" data-element_type=\"widget\" data-e-type=\"widget\" data-widget_type=\"heading.default\">\n\t\t\t\t\t<h1 class=\"elementor-heading-title elementor-size-default\">Medicare Services\nOnline doctor<\/h1>\t\t\t\t<\/div>\n\t\t\t\t<div class=\"elementor-element elementor-element-c2dfd29 elementor-widget elementor-widget-text-editor\" data-id=\"c2dfd29\" data-element_type=\"widget\" data-e-type=\"widget\" data-widget_type=\"text-editor.default\">\n\t\t\t\t\t\t\t\t\t<p>Advantages for Medicare Clients<\/p>\t\t\t\t\t\t\t\t<\/div>\n\t\t\t\t<div class=\"elementor-element elementor-element-e4a627e elementor-widget elementor-widget-text-editor\" data-id=\"e4a627e\" data-element_type=\"widget\" data-e-type=\"widget\" data-widget_type=\"text-editor.default\">\n\t\t\t\t\t\t\t\t\t<p>Professional medical care without leaving home for Medicare clients. <b>Diagnosis, treatment and medical advice<\/b> adapted to your needs.<\/p>\t\t\t\t\t\t\t\t<\/div>\n\t\t\t\t<\/div>\n\t\t<div class=\"elementor-element elementor-element-b512810 e-con-full e-flex e-con e-child\" data-id=\"b512810\" data-element_type=\"container\" data-e-type=\"container\">\n\t\t\t\t<div class=\"elementor-element elementor-element-0e2918b elementor-widget__width-initial elementor-widget elementor-widget-image\" data-id=\"0e2918b\" data-element_type=\"widget\" data-e-type=\"widget\" data-widget_type=\"image.default\">\n\t\t\t\t\t\t\t\t\t\t\t\t\t\t\t<img fetchpriority=\"high\" decoding=\"async\" width=\"571\" height=\"588\" src=\"https:\/\/staging.mediconanet.pt\/wp-content\/uploads\/2025\/10\/medicare-video-consulta-online-1.png\" class=\"attachment-large size-large wp-image-43156\" alt=\"\" srcset=\"https:\/\/staging.mediconanet.pt\/wp-content\/uploads\/2025\/10\/medicare-video-consulta-online-1.png 571w, https:\/\/staging.mediconanet.pt\/wp-content\/uploads\/2025\/10\/medicare-video-consulta-online-1-291x300.png 291w, https:\/\/staging.mediconanet.pt\/wp-content\/uploads\/2025\/10\/medicare-video-consulta-online-1-12x12.png 12w\" sizes=\"(max-width: 571px) 100vw, 571px\" \/>\t\t\t\t\t\t\t\t\t\t\t\t\t\t\t<\/div>\n\t\t\t\t<\/div>\n\t\t\t\t\t<\/div>\n\t\t\t\t<\/div>\n\t\t<div class=\"elementor-element elementor-element-c2cdd13 e-flex e-con-boxed e-con e-parent\" data-id=\"c2cdd13\" data-element_type=\"container\" data-e-type=\"container\" data-settings=\"{&quot;background_background&quot;:&quot;classic&quot;}\">\n\t\t\t\t\t<div class=\"e-con-inner\">\n\t\t<div class=\"elementor-element elementor-element-7ea7a35 e-grid e-con-boxed e-con e-child\" data-id=\"7ea7a35\" data-element_type=\"container\" data-e-type=\"container\" data-settings=\"{&quot;background_background&quot;:&quot;classic&quot;}\">\n\t\t\t\t\t<div class=\"e-con-inner\">\n\t\t<a class=\"elementor-element elementor-element-34ee311 e-con-full e-flex e-con e-child\" data-id=\"34ee311\" data-element_type=\"container\" data-e-type=\"container\" data-settings=\"{&quot;background_background&quot;:&quot;classic&quot;}\" href=\"https:\/\/staging.mediconanet.pt\/en\/product\/medicare-video-consultation\/\">\n\t\t\t\t<div class=\"elementor-element elementor-element-6e787ce elementor-view-default elementor-widget elementor-widget-icon\" data-id=\"6e787ce\" data-element_type=\"widget\" data-e-type=\"widget\" data-widget_type=\"icon.default\">\n\t\t\t\t\t\t\t<div class=\"elementor-icon-wrapper\">\n\t\t\t<div class=\"elementor-icon\">\n\t\t\t<svg aria-hidden=\"true\" class=\"e-font-icon-svg e-fas-video\" viewbox=\"0 0 576 512\" xmlns=\"http:\/\/www.w3.org\/2000\/svg\"><path d=\"M336.2 64H47.8C21.4 64 0 85.4 0 111.8v288.4C0 426.6 21.4 448 47.8 448h288.4c26.4 0 47.8-21.4 47.8-47.8V111.8c0-26.4-21.4-47.8-47.8-47.8zm189.4 37.7L416 177.3v157.4l109.6 75.5c21.2 14.6 50.4-.3 50.4-25.8V127.5c0-25.4-29.1-40.4-50.4-25.8z\"><\/path><\/svg>\t\t\t<\/div>\n\t\t<\/div>\n\t\t\t\t\t\t<\/div>\n\t\t\t\t<div class=\"elementor-element elementor-element-e05ea8a elementor-widget elementor-widget-heading\" data-id=\"e05ea8a\" data-element_type=\"widget\" data-e-type=\"widget\" data-widget_type=\"heading.default\">\n\t\t\t\t\t<h2 class=\"elementor-heading-title elementor-size-default\">Video Consultation<\/h2>\t\t\t\t<\/div>\n\t\t\t\t<div class=\"elementor-element elementor-element-9b720c2 elementor-widget elementor-widget-text-editor\" data-id=\"9b720c2\" data-element_type=\"widget\" data-e-type=\"widget\" data-widget_type=\"text-editor.default\">\n\t\t\t\t\t\t\t\t\t<p>Professional medical care without leaving home.\u00a0<b>Diagnosis, treatment and medical advice<\/b>\u00a0adapted to your needs.<\/p>\t\t\t\t\t\t\t\t<\/div>\n\t\t\t\t<\/a>\n\t\t<a class=\"elementor-element elementor-element-ece25f2 e-con-full e-flex e-con e-child\" data-id=\"ece25f2\" data-element_type=\"container\" data-e-type=\"container\" data-settings=\"{&quot;background_background&quot;:&quot;classic&quot;}\" href=\"https:\/\/staging.mediconanet.pt\/en\/product\/certificate-for-medicare-driving-licence\/\">\n\t\t\t\t<div class=\"elementor-element elementor-element-93ab07c elementor-view-default elementor-widget elementor-widget-icon\" data-id=\"93ab07c\" data-element_type=\"widget\" data-e-type=\"widget\" data-widget_type=\"icon.default\">\n\t\t\t\t\t\t\t<div class=\"elementor-icon-wrapper\">\n\t\t\t<div class=\"elementor-icon\">\n\t\t\t<svg aria-hidden=\"true\" class=\"e-font-icon-svg e-fas-car-side\" viewbox=\"0 0 640 512\" xmlns=\"http:\/\/www.w3.org\/2000\/svg\"><path d=\"M544 192h-16L419.22 56.02A64.025 64.025 0 0 0 369.24 32H155.33c-26.17 0-49.7 15.93-59.42 40.23L48 194.26C20.44 201.4 0 226.21 0 256v112c0 8.84 7.16 16 16 16h48c0 53.02 42.98 96 96 96s96-42.98 96-96h128c0 53.02 42.98 96 96 96s96-42.98 96-96h48c8.84 0 16-7.16 16-16v-80c0-53.02-42.98-96-96-96zM160 432c-26.47 0-48-21.53-48-48s21.53-48 48-48 48 21.53 48 48-21.53 48-48 48zm72-240H116.93l38.4-96H232v96zm48 0V96h89.24l76.8 96H280zm200 240c-26.47 0-48-21.53-48-48s21.53-48 48-48 48 21.53 48 48-21.53 48-48 48z\"><\/path><\/svg>\t\t\t<\/div>\n\t\t<\/div>\n\t\t\t\t\t\t<\/div>\n\t\t\t\t<div class=\"elementor-element elementor-element-d40c775 elementor-widget elementor-widget-heading\" data-id=\"d40c775\" data-element_type=\"widget\" data-e-type=\"widget\" data-widget_type=\"heading.default\">\n\t\t\t\t\t<h2 class=\"elementor-heading-title elementor-size-default\">driving licence<\/h2>\t\t\t\t<\/div>\n\t\t\t\t<div class=\"elementor-element elementor-element-03947c8 elementor-widget elementor-widget-text-editor\" data-id=\"03947c8\" data-element_type=\"widget\" data-e-type=\"widget\" data-widget_type=\"text-editor.default\">\n\t\t\t\t\t\t\t\t\t<p>Medical consultation for driver's license certificate, with the possibility of\u00a0<strong>sending the document directly to IMT.<\/strong>.<\/p>\t\t\t\t\t\t\t\t<\/div>\n\t\t\t\t<\/a>\n\t\t<a class=\"elementor-element elementor-element-b1ab94c e-con-full e-flex e-con e-child\" data-id=\"b1ab94c\" data-element_type=\"container\" data-e-type=\"container\" data-settings=\"{&quot;background_background&quot;:&quot;classic&quot;}\" href=\"https:\/\/staging.mediconanet.pt\/en\/product\/sick-leave-cit-medicare\/\">\n\t\t\t\t<div class=\"elementor-element elementor-element-246a452 elementor-view-default elementor-widget elementor-widget-icon\" data-id=\"246a452\" data-element_type=\"widget\" data-e-type=\"widget\" data-widget_type=\"icon.default\">\n\t\t\t\t\t\t\t<div class=\"elementor-icon-wrapper\">\n\t\t\t<div class=\"elementor-icon\">\n\t\t\t<svg aria-hidden=\"true\" class=\"e-font-icon-svg e-fas-clipboard-check\" viewbox=\"0 0 384 512\" xmlns=\"http:\/\/www.w3.org\/2000\/svg\"><path d=\"M336 64h-80c0-35.3-28.7-64-64-64s-64 28.7-64 64H48C21.5 64 0 85.5 0 112v352c0 26.5 21.5 48 48 48h288c26.5 0 48-21.5 48-48V112c0-26.5-21.5-48-48-48zM192 40c13.3 0 24 10.7 24 24s-10.7 24-24 24-24-10.7-24-24 10.7-24 24-24zm121.2 231.8l-143 141.8c-4.7 4.7-12.3 4.6-17-.1l-82.6-83.3c-4.7-4.7-4.6-12.3.1-17L99.1 285c4.7-4.7 12.3-4.6 17 .1l46 46.4 106-105.2c4.7-4.7 12.3-4.6 17 .1l28.2 28.4c4.7 4.8 4.6 12.3-.1 17z\"><\/path><\/svg>\t\t\t<\/div>\n\t\t<\/div>\n\t\t\t\t\t\t<\/div>\n\t\t\t\t<div class=\"elementor-element elementor-element-2247516 elementor-widget elementor-widget-heading\" data-id=\"2247516\" data-element_type=\"widget\" data-e-type=\"widget\" data-widget_type=\"heading.default\">\n\t\t\t\t\t<h2 class=\"elementor-heading-title elementor-size-default\">Medical leave (CIT)<\/h2>\t\t\t\t<\/div>\n\t\t\t\t<div class=\"elementor-element elementor-element-1704542 elementor-widget elementor-widget-text-editor\" data-id=\"1704542\" data-element_type=\"widget\" data-e-type=\"widget\" data-widget_type=\"text-editor.default\">\n\t\t\t\t\t\t\t\t\t<p>Online consultation available in minutes to request your medical certificate.<\/p>\t\t\t\t\t\t\t\t<\/div>\n\t\t\t\t<\/a>\n\t\t<a class=\"elementor-element elementor-element-2d2ca63 e-con-full e-flex e-con e-child\" data-id=\"2d2ca63\" data-element_type=\"container\" data-e-type=\"container\" data-settings=\"{&quot;background_background&quot;:&quot;classic&quot;}\" href=\"https:\/\/staging.mediconanet.pt\/en\/product\/first-consultation-weight-loss-medicare\/\">\n\t\t\t\t<div class=\"elementor-element elementor-element-3ac6c20 elementor-view-default elementor-widget elementor-widget-icon\" data-id=\"3ac6c20\" data-element_type=\"widget\" data-e-type=\"widget\" data-widget_type=\"icon.default\">\n\t\t\t\t\t\t\t<div class=\"elementor-icon-wrapper\">\n\t\t\t<div class=\"elementor-icon\">\n\t\t\t<svg aria-hidden=\"true\" class=\"e-font-icon-svg e-fas-weight\" viewbox=\"0 0 512 512\" xmlns=\"http:\/\/www.w3.org\/2000\/svg\"><path d=\"M448 64h-25.98C438.44 92.28 448 125.01 448 160c0 105.87-86.13 192-192 192S64 265.87 64 160c0-34.99 9.56-67.72 25.98-96H64C28.71 64 0 92.71 0 128v320c0 35.29 28.71 64 64 64h384c35.29 0 64-28.71 64-64V128c0-35.29-28.71-64-64-64zM256 320c88.37 0 160-71.63 160-160S344.37 0 256 0 96 71.63 96 160s71.63 160 160 160zm-.3-151.94l33.58-78.36c3.5-8.17 12.94-11.92 21.03-8.41 8.12 3.48 11.88 12.89 8.41 21l-33.67 78.55C291.73 188 296 197.45 296 208c0 22.09-17.91 40-40 40s-40-17.91-40-40c0-21.98 17.76-39.77 39.7-39.94z\"><\/path><\/svg>\t\t\t<\/div>\n\t\t<\/div>\n\t\t\t\t\t\t<\/div>\n\t\t\t\t<div class=\"elementor-element elementor-element-e8cb51f elementor-widget elementor-widget-heading\" data-id=\"e8cb51f\" data-element_type=\"widget\" data-e-type=\"widget\" data-widget_type=\"heading.default\">\n\t\t\t\t\t<h2 class=\"elementor-heading-title elementor-size-default\">Weight loss<\/h2>\t\t\t\t<\/div>\n\t\t\t\t<div class=\"elementor-element elementor-element-5a26731 elementor-widget elementor-widget-text-editor\" data-id=\"5a26731\" data-element_type=\"widget\" data-e-type=\"widget\" data-widget_type=\"text-editor.default\">\n\t\t\t\t\t\t\t\t\t<p>Online medical consultation for clinical assessment in the context of body weight management and definition of an individualised clinical plan.<\/p>\t\t\t\t\t\t\t\t<\/div>\n\t\t\t\t<\/a>\n\t\t<a class=\"elementor-element elementor-element-733ee18 e-con-full e-flex e-con e-child\" data-id=\"733ee18\" data-element_type=\"container\" data-e-type=\"container\" data-settings=\"{&quot;background_background&quot;:&quot;classic&quot;}\" href=\"https:\/\/staging.mediconanet.pt\/en\/product\/medicare-prescription-renewal\/\">\n\t\t\t\t<div class=\"elementor-element elementor-element-b04f093 elementor-view-default elementor-widget elementor-widget-icon\" data-id=\"b04f093\" data-element_type=\"widget\" data-e-type=\"widget\" data-widget_type=\"icon.default\">\n\t\t\t\t\t\t\t<div class=\"elementor-icon-wrapper\">\n\t\t\t<div class=\"elementor-icon\">\n\t\t\t<svg aria-hidden=\"true\" class=\"e-font-icon-svg e-far-file-alt\" viewbox=\"0 0 384 512\" xmlns=\"http:\/\/www.w3.org\/2000\/svg\"><path d=\"M288 248v28c0 6.6-5.4 12-12 12H108c-6.6 0-12-5.4-12-12v-28c0-6.6 5.4-12 12-12h168c6.6 0 12 5.4 12 12zm-12 72H108c-6.6 0-12 5.4-12 12v28c0 6.6 5.4 12 12 12h168c6.6 0 12-5.4 12-12v-28c0-6.6-5.4-12-12-12zm108-188.1V464c0 26.5-21.5 48-48 48H48c-26.5 0-48-21.5-48-48V48C0 21.5 21.5 0 48 0h204.1C264.8 0 277 5.1 286 14.1L369.9 98c9 8.9 14.1 21.2 14.1 33.9zm-128-80V128h76.1L256 51.9zM336 464V176H232c-13.3 0-24-10.7-24-24V48H48v416h288z\"><\/path><\/svg>\t\t\t<\/div>\n\t\t<\/div>\n\t\t\t\t\t\t<\/div>\n\t\t\t\t<div class=\"elementor-element elementor-element-e771744 elementor-widget elementor-widget-heading\" data-id=\"e771744\" data-element_type=\"widget\" data-e-type=\"widget\" data-widget_type=\"heading.default\">\n\t\t\t\t\t<h2 class=\"elementor-heading-title elementor-size-default\">prescription renewal<\/h2>\t\t\t\t<\/div>\n\t\t\t\t<div class=\"elementor-element elementor-element-d8aefd1 elementor-widget elementor-widget-text-editor\" data-id=\"d8aefd1\" data-element_type=\"widget\" data-e-type=\"widget\" data-widget_type=\"text-editor.default\">\n\t\t\t\t\t\t\t\t\t<p>Prescription renewal service, carried out remotely, with the aim of guaranteeing the continuity of the previously established therapeutic plan.<\/p>\t\t\t\t\t\t\t\t<\/div>\n\t\t\t\t<\/a>\n\t\t<div class=\"elementor-element elementor-element-26143c3 e-con-full e-flex e-con e-child\" data-id=\"26143c3\" data-element_type=\"container\" data-e-type=\"container\" data-settings=\"{&quot;background_background&quot;:&quot;classic&quot;}\">\n\t\t\t\t<div class=\"elementor-element elementor-element-b324269 elementor-widget elementor-widget-image\" data-id=\"b324269\" data-element_type=\"widget\" data-e-type=\"widget\" data-widget_type=\"image.default\">\n\t\t\t\t\t\t\t\t\t\t\t\t\t\t\t<img decoding=\"async\" width=\"250\" height=\"57\" src=\"https:\/\/staging.mediconanet.pt\/wp-content\/uploads\/2025\/10\/logo-medicare.png\" class=\"attachment-large size-large wp-image-42126\" alt=\"\" srcset=\"https:\/\/staging.mediconanet.pt\/wp-content\/uploads\/2025\/10\/logo-medicare.png 250w, https:\/\/staging.mediconanet.pt\/wp-content\/uploads\/2025\/10\/logo-medicare-18x4.png 18w\" sizes=\"(max-width: 250px) 100vw, 250px\" \/>\t\t\t\t\t\t\t\t\t\t\t\t\t\t\t<\/div>\n\t\t\t\t<div class=\"elementor-element elementor-element-54c9618 elementor-widget elementor-widget-heading\" data-id=\"54c9618\" data-element_type=\"widget\" data-e-type=\"widget\" data-widget_type=\"heading.default\">\n\t\t\t\t\t<h2 class=\"elementor-heading-title elementor-size-default\">Are you a Medicare client?<\/h2>\t\t\t\t<\/div>\n\t\t\t\t<div class=\"elementor-element elementor-element-50fb4f6 elementor-widget elementor-widget-heading\" data-id=\"50fb4f6\" data-element_type=\"widget\" data-e-type=\"widget\" data-widget_type=\"heading.default\">\n\t\t\t\t\t<h2 class=\"elementor-heading-title elementor-size-default\">Benefit from exclusive conditions<\/h2>\t\t\t\t<\/div>\n\t\t\t\t<div class=\"elementor-element elementor-element-9914773 elementor-widget elementor-widget-text-editor\" data-id=\"9914773\" data-element_type=\"widget\" data-e-type=\"widget\" data-widget_type=\"text-editor.default\">\n\t\t\t\t\t\t\t\t\t<p>Professional medical care without leaving your home. Diagnosis, treatment and medical advice tailored to your needs.<\/p>\t\t\t\t\t\t\t\t<\/div>\n\t\t\t\t<\/div>\n\t\t\t\t\t<\/div>\n\t\t\t\t<\/div>\n\t\t\t\t\t<\/div>\n\t\t\t\t<\/div>\n\t\t\t\t<\/div>","protected":false},"excerpt":{"rendered":"<p>Servi\u00e7os Medicare Medico na net Vantagens para Clientes Medicare Atendimento m\u00e9dico profissional sem sair de casa para clientes Medicare. Diagn\u00f3stico, tratamento e orienta\u00e7\u00e3o m\u00e9dica adaptados \u00e0s suas necessidades. Video Consulta Atendimento m\u00e9dico profissional sem sair de casa.\u00a0Diagn\u00f3stico, tratamento e orienta\u00e7\u00e3o m\u00e9dica\u00a0adaptados \u00e0s suas necessidades. carta condu\u00e7\u00e3o Consulta m\u00e9dica para atestado de aptid\u00e3o para a carta [&hellip;]<\/p>\n","protected":false},"author":2964,"featured_media":0,"parent":0,"menu_order":0,"comment_status":"closed","ping_status":"closed","template":"","meta":{"footnotes":""},"class_list":["post-43153","page","type-page","status-publish","hentry"],"jetpack_sharing_enabled":true,"_links":{"self":[{"href":"https:\/\/staging.mediconanet.pt\/en\/wp-json\/wp\/v2\/pages\/43153","targetHints":{"allow":["GET"]}}],"collection":[{"href":"https:\/\/staging.mediconanet.pt\/en\/wp-json\/wp\/v2\/pages"}],"about":[{"href":"https:\/\/staging.mediconanet.pt\/en\/wp-json\/wp\/v2\/types\/page"}],"author":[{"embeddable":true,"href":"https:\/\/staging.mediconanet.pt\/en\/wp-json\/wp\/v2\/users\/2964"}],"replies":[{"embeddable":true,"href":"https:\/\/staging.mediconanet.pt\/en\/wp-json\/wp\/v2\/comments?post=43153"}],"version-history":[{"count":0,"href":"https:\/\/staging.mediconanet.pt\/en\/wp-json\/wp\/v2\/pages\/43153\/revisions"}],"wp:attachment":[{"href":"https:\/\/staging.mediconanet.pt\/en\/wp-json\/wp\/v2\/media?parent=43153"}],"curies":[{"name":"wp","href":"https:\/\/api.w.org\/{rel}","templated":true}]}}