{"id":3,"date":"2023-07-20T14:46:35","date_gmt":"2023-07-20T14:46:35","guid":{"rendered":"https:\/\/all1med.com\/?page_id=3"},"modified":"2025-12-02T10:45:01","modified_gmt":"2025-12-02T10:45:01","slug":"privacy-policy","status":"publish","type":"page","link":"https:\/\/staging.mediconanet.pt\/en\/politica-de-privacidade\/","title":{"rendered":"Privacy Policy"},"content":{"rendered":"<div data-elementor-type=\"wp-page\" data-elementor-id=\"3\" class=\"elementor elementor-3\" data-elementor-post-type=\"page\">\n\t\t\t\t\t\t<section class=\"elementor-section elementor-top-section elementor-element elementor-element-b696445 elementor-section-boxed elementor-section-height-default elementor-section-height-default\" data-id=\"b696445\" data-element_type=\"section\" data-e-type=\"section\">\n\t\t\t\t\t\t<div class=\"elementor-container elementor-column-gap-default\">\n\t\t\t\t\t<div class=\"elementor-column elementor-col-100 elementor-top-column elementor-element elementor-element-93804f5\" data-id=\"93804f5\" data-element_type=\"column\" data-e-type=\"column\">\n\t\t\t<div class=\"elementor-widget-wrap elementor-element-populated\">\n\t\t\t\t\t\t<div class=\"elementor-element elementor-element-5d4854f elementor-widget elementor-widget-heading\" data-id=\"5d4854f\" data-element_type=\"widget\" data-e-type=\"widget\" data-widget_type=\"heading.default\">\n\t\t\t\t\t<h1 class=\"elementor-heading-title elementor-size-default\">Privacy Policy<\/h1>\t\t\t\t<\/div>\n\t\t\t\t\t<\/div>\n\t\t<\/div>\n\t\t\t\t\t<\/div>\n\t\t<\/section>\n\t\t\t\t<section class=\"elementor-section elementor-top-section elementor-element elementor-element-592ec02 elementor-section-boxed elementor-section-height-default elementor-section-height-default\" data-id=\"592ec02\" data-element_type=\"section\" data-e-type=\"section\">\n\t\t\t\t\t\t<div class=\"elementor-container elementor-column-gap-default\">\n\t\t\t\t\t<div class=\"elementor-column elementor-col-100 elementor-top-column elementor-element elementor-element-286c6cee\" data-id=\"286c6cee\" data-element_type=\"column\" data-e-type=\"column\">\n\t\t\t<div class=\"elementor-widget-wrap elementor-element-populated\">\n\t\t\t\t\t\t<div class=\"elementor-element elementor-element-461ac02b elementor-widget elementor-widget-text-editor\" data-id=\"461ac02b\" data-element_type=\"widget\" data-e-type=\"widget\" data-widget_type=\"text-editor.default\">\n\t\t\t\t\t\t\t\t\t<p>The protection of privacy and personal data is a priority for MNN M\u00e9dico na Net, Lda. which takes it as a clear commitment.<\/p><p>This privacy policy regulates the processing of Users' personal data in connection with the use of the mediconanet.pt website by the MNN M\u00e9dico na Net, Lda. organisation.\u00a0<\/p><p>The personal data provided during interaction with the various mediconanet.pt services will be treated with the guarantee of security and confidentiality required by the legal framework for the protection of personal data.<\/p><p>The User is free to access and visit the mediconanet.pt website, however the use of certain services and content may imply the provision of personal data by the User.<\/p><p>The provision of personal data implies knowledge and acceptance by the User of the conditions contained in this Privacy Policy, which forms part of the <span style=\"color: #000000;\"><a style=\"color: #000000;\" href=\"https:\/\/staging.mediconanet.pt\/en\/terms-of-service\/\" target=\"_blank\" rel=\"noopener\"><em><u>Terms and Conditions<\/u><\/em><\/a><\/span> of Use of the site,<\/p><p><strong>COLLECTION AND PROCESSING OF PERSONAL DATA<\/strong><\/p><p>The organisation that manages the mediconanet.pt website is responsible for collecting and processing personal data in the context of the website.<\/p><p>Personal data is processed and stored by MNN M\u00e9dico na Net, Lda. or by subcontractors for the purposes indicated herein, in the name and on behalf of MNN M\u00e9dico na Net, Lda.<\/p><p>The data is processed solely for the management of the functionalities made available through the mediconanet.pt website.<\/p><p>The purpose of the data processing operations carried out by MNN M\u00e9dico na Net, Lda. is to fulfil the contractual relationship of providing medical services through the medicosnanet.pt website, and all clinical information provided on this website is protected by the professional secrecy to which health professionals who interact with the User are bound.<\/p><p>In this context, the User expressly accepts the use of their personal data exclusively for administrative and clinical purposes.<\/p><p>If the respective information is duly provided and express authorisation is obtained, the personal data collected may be processed for statistical purposes, for information dissemination or promotional actions and for communication actions, through direct communication, whether by correspondence, email, messaging or any other electronic communication service.<\/p><p>Citizens may at any time exercise their right to object to the use of their personal data for other purposes.<\/p><p>If the User fills in the Contact Form available on this Website, the following personal data will be collected:<\/p><ul><li>Name;<\/li><li>Tax identification number or passport number if the User does not have a tax identification number;<\/li><li>E-mail.<\/li><\/ul><p>The Contact Form also asks for an indication of the subject to which the request relates, with an open field where the User can enter a description of the subject and\/or other personal data, as well as the possibility of associating a file, provided spontaneously.<\/p><p>Personal data will be kept in such a way as to allow the identification of the User only for the period necessary to fulfil the purposes of collection or further processing (or, if applicable, until consent is withdrawn), after which it will be deleted.<\/p><p>MNN M\u00e9dico na Net, Lda assumes that the personal data provided by the User has been entered by the respective holder or that its entry has been authorised by the same, and that it is true and accurate.<\/p><p><strong>User rights<\/strong><\/p><p>Under the terms of the law, the User is guaranteed, at all times:\u00a0<\/p><ul><li>The right to access, update and rectify your personal data;<\/li><li>The right to erasure or restriction of processing;<\/li><li>The portability of your data;<\/li><li>The right to object to the processing of their data, provided the legal conditions are met.\u00a0<\/li><\/ul><p>When the processing of personal data is based on consent, this may be withdrawn at any time by the User, which does not invalidate the processing carried out up to that date on the basis of the consent previously given. The User may exercise these rights by writing to MNN M\u00e9dico na Net, Lda, at the following address and\/or e-mail address: geral@mediconanet.pt.<\/p><p>MNN M\u00e9dico na Net, Lda may communicate your personal data to\/when:<\/p><ul><li>Other entities of the MNN M\u00e9dico na Net, Lda Group, to enable us to respond to your requests for clarification\/comments\/suggestions, if applicable;<\/li><li>Subcontractors for the aforementioned purposes, under the terms of the contracts signed with them;<\/li><li>Such data communications are necessary or appropriate:<\/li><\/ul><p>(i) in the light of the applicable law;<\/p><p>(ii) is carried out in fulfilment of a legal obligation\/court order;<\/p><p>(iii) a decision by the National Data Protection Commission (CNPD) or another competent supervisory authority;<\/p><p>(iv) or to respond to requests from public or governmental authorities;<\/p><ul><li>The communication is carried out to protect Users' vital interests or any other legitimate purpose provided for by law.<\/li><\/ul><p><strong>Security measures<\/strong><\/p><p>MNN M\u00e9dico na Net, Lda makes every effort to protect Users' personal data from unauthorised access via the Internet. To this end, it uses security systems, rules and other procedures to guarantee the protection of personal data and prevent unauthorised access to data, improper use, disclosure, loss or destruction.<\/p><p>It is, however, the User's responsibility to guarantee and ensure that the device they use to access the Website is adequately protected against harmful software, computer viruses and worms.\u00a0<\/p><p>In addition, the User should be aware that the risk of personal data and passwords being accessed by unauthorised third parties is increased without the adoption of appropriate security measures. For example:<\/p><ul><li>The secure configuration of the navigation programme;<\/li><li>Up-to-date antivirus software;<\/li><li>Security barrier software;<\/li><li>Not using software of dubious origin.<\/li><\/ul><p>Whenever data is collected over open networks, such as the Internet, the User's data may circulate without security conditions and there is a risk of it being seen and used by unauthorised third parties.<\/p><p>If the User has any questions regarding the processing of their personal data and the exercise of the rights conferred on them by the applicable legislation and, in particular, referred to in this Privacy Policy, we ask that they send a request for clarification by email to geral@mediconanet.pt, with the subject line: \u201cProtection of Personal Data\u201d or by letter to Pra\u00e7a Navegador Vianense \u00c1lvaro Alvares Fagundes, 108, 1\u00ba Tr\u00e1s, 4935-054 Viana do Castelo.<\/p><p><strong>Cookie policy<\/strong><\/p><p>See all the information related to the use of cookies on this Site at\u00a0<a href=\"https:\/\/www.hospitaldaluz.pt\/pt\/politica-de-cookies\" rel=\"nofollow noopener\" target=\"_blank\"><strong>Cookie Policy<\/strong><\/a>.<\/p><p>Changes to the privacy policy<\/p><p>MNN M\u00e9dico na Net, Lda reserves the right, at any time and without prior notice and with immediate effect, to alter, add to or revoke, in part or in full, this Privacy Policy.<\/p><p>Any changes will be immediately publicised on this website. If the changes are substantial in terms of how the data is processed, the User will be informed of them using the contact details provided.<\/p><p>Date last updated: 15\/03\/2024.<\/p><p><strong>\u00a0<\/strong><\/p><p><strong>Data retention periods<\/strong><\/p><p>Personal data will be kept for the period necessary for the purposes for which it was collected or subsequently processed, with a view to ensuring compliance with all applicable legal rules and regulations on archiving.<\/p><p><strong>\u00a0<\/strong><\/p><p><strong>Communication of Data to Other Entities<\/strong><\/p><p>The provision of information through the various customer service and communication channels may involve the use of the services of third-party subcontractors, which may imply access by these entities to personal data.<\/p><p>In these circumstances, and whenever necessary, MNN M\u00e9dico na Net, Lda will only contract entities that provide sufficient guarantees that they will carry out the technical and organisational measures required to meet the applicable standards, and such guarantees will be formalised in a contract signed between MNN M\u00e9dico na Net, Lda and each of these third parties.<\/p><p><strong>\u00a0<\/strong><\/p><p><strong>Data Recipients<\/strong><\/p><p>Except in the fulfilment of legal obligations, under no circumstances will personal data be communicated to third parties other than subcontractors or legitimate recipients, nor will any communication be made for purposes other than those mentioned above.<\/p><p><strong>\u00a0<\/strong><\/p><p><strong>Security measures<\/strong><\/p><p>Taking into account the most advanced techniques, the costs of implementation and the nature, scope, context and purposes of the processing, all entities that are its (sub)contractors implement the necessary technical and organisational measures to ensure a level of security appropriate to the risk.<\/p><p>To this end, various security measures may be adopted to protect personal data against unauthorised disclosure, loss, misuse, alteration, processing or access, as well as against any other form of unlawful processing.<\/p><p>It is the data subject's sole responsibility to keep access codes secret and not to share them with third parties, and in the particular case of the computer applications used to access the channels, to keep and maintain the access devices in secure conditions and to follow the security practices advised by the manufacturers and\/or operators, particularly with regard to installing and updating the necessary security applications, including antivirus applications.<\/p><p>If there is a need to subcontract services to third parties who may have access to the personal data of the data subject, MNN M\u00e9dico na Net, Lda subcontractors will be obliged to adopt security measures and protocols, as well as other technical measures to protect the confidentiality and security of personal data, to prevent unauthorised access, loss or destruction of personal data.<\/p><p><strong>\u00a0<\/strong><\/p><p><strong>\u00a0<\/strong><\/p><p><strong>Exercising the Rights of Data Subjects<\/strong><\/p><p>As holders of personal data, they may at any time exercise their data protection and privacy rights, namely the rights of access, rectification, erasure, portability, limitation or opposition to processing, under the terms and with the limitations laid down in the applicable rules.<\/p><p>Any request to exercise data protection and privacy rights must be addressed to MNN M\u00e9dico na Net, Lda in writing, by the respective data subject, in accordance with the procedure and contact details set out below.<\/p><p><strong>\u00a0<\/strong><\/p><p><strong>Complaints and suggestions<\/strong><\/p><p>Data subjects have the right to lodge a complaint, either by registering in the Complaints Book or by submitting a complaint to the regulatory authorities.<\/p><p>You can also make suggestions by email to the following address: geral@mediconanet.pt<\/p><p>MNN M\u00e9dico na Net, Lda has appointed a Data Protection Officer and has implemented data protection, privacy and information security: geral@mediconanet.pt<\/p><p>In the event that data subjects wish to report the occurrence of any personal data breach which accidentally or unlawfully results in the unauthorised destruction, loss, alteration, disclosure of or access to personal data transmitted, stored or otherwise processed, they may contact the Data Protection Officer in accordance with the instructions and contact details described above.<\/p><p><strong>\u00a0<\/strong><\/p><p><strong>Changes to the Privacy Policy<\/strong><\/p><p>MNN M\u00e9dico na Net, Lda may, at any time, make any changes it deems appropriate to this Data Protection and Privacy Policy, in order to guarantee its updating, development and continuous improvement, and these changes will be duly announced publicly, in order to guarantee transparency and information.<\/p>\t\t\t\t\t\t\t\t<\/div>\n\t\t\t\t\t<\/div>\n\t\t<\/div>\n\t\t\t\t\t<\/div>\n\t\t<\/section>\n\t\t\t\t<\/div>","protected":false},"excerpt":{"rendered":"<p>Pol\u00edtica de Privacidade A prote\u00e7\u00e3o da privacidade e dos dados pessoais \u00e9 uma prioridade para MNN M\u00e9dico na Net, Lda. que a assume como um claro compromisso. A pol\u00edtica de privacidade regula o tratamento de dados pessoais dos Utentes no \u00e2mbito da utiliza\u00e7\u00e3o do website mediconanet.pt, pela entidade MNN M\u00e9dico na Net, Lda.\u00a0 Os dados [&hellip;]<\/p>\n","protected":false},"author":1,"featured_media":0,"parent":0,"menu_order":0,"comment_status":"closed","ping_status":"closed","template":"","meta":{"footnotes":""},"class_list":["post-3","page","type-page","status-publish","hentry"],"jetpack_sharing_enabled":true,"_links":{"self":[{"href":"https:\/\/staging.mediconanet.pt\/en\/wp-json\/wp\/v2\/pages\/3","targetHints":{"allow":["GET"]}}],"collection":[{"href":"https:\/\/staging.mediconanet.pt\/en\/wp-json\/wp\/v2\/pages"}],"about":[{"href":"https:\/\/staging.mediconanet.pt\/en\/wp-json\/wp\/v2\/types\/page"}],"author":[{"embeddable":true,"href":"https:\/\/staging.mediconanet.pt\/en\/wp-json\/wp\/v2\/users\/1"}],"replies":[{"embeddable":true,"href":"https:\/\/staging.mediconanet.pt\/en\/wp-json\/wp\/v2\/comments?post=3"}],"version-history":[{"count":0,"href":"https:\/\/staging.mediconanet.pt\/en\/wp-json\/wp\/v2\/pages\/3\/revisions"}],"wp:attachment":[{"href":"https:\/\/staging.mediconanet.pt\/en\/wp-json\/wp\/v2\/media?parent=3"}],"curies":[{"name":"wp","href":"https:\/\/api.w.org\/{rel}","templated":true}]}}