{"id":1639,"date":"2023-09-25T17:39:16","date_gmt":"2023-09-25T17:39:16","guid":{"rendered":"https:\/\/all1med.com\/?page_id=1639"},"modified":"2026-04-22T17:48:43","modified_gmt":"2026-04-22T16:48:43","slug":"terms-of-service","status":"publish","type":"page","link":"https:\/\/staging.mediconanet.pt\/en\/termos-de-servico\/","title":{"rendered":"Terms of Service"},"content":{"rendered":"<div data-elementor-type=\"wp-page\" data-elementor-id=\"1639\" class=\"elementor elementor-1639\" data-elementor-post-type=\"page\">\n\t\t\t\t\t\t<section class=\"elementor-section elementor-top-section elementor-element elementor-element-329d942 elementor-section-boxed elementor-section-height-default elementor-section-height-default\" data-id=\"329d942\" data-element_type=\"section\" data-e-type=\"section\">\n\t\t\t\t\t\t<div class=\"elementor-container elementor-column-gap-default\">\n\t\t\t\t\t<div class=\"elementor-column elementor-col-100 elementor-top-column elementor-element elementor-element-3985212\" data-id=\"3985212\" data-element_type=\"column\" data-e-type=\"column\">\n\t\t\t<div class=\"elementor-widget-wrap elementor-element-populated\">\n\t\t\t\t\t\t<div class=\"elementor-element elementor-element-e2f3580 elementor-widget elementor-widget-heading\" data-id=\"e2f3580\" data-element_type=\"widget\" data-e-type=\"widget\" data-widget_type=\"heading.default\">\n\t\t\t\t\t<h1 class=\"elementor-heading-title elementor-size-default\">Terms and Conditions of Service<\/h1>\t\t\t\t<\/div>\n\t\t\t\t\t<\/div>\n\t\t<\/div>\n\t\t\t\t\t<\/div>\n\t\t<\/section>\n\t\t\t\t<section class=\"elementor-section elementor-top-section elementor-element elementor-element-3c1de1f3 elementor-section-boxed elementor-section-height-default elementor-section-height-default\" data-id=\"3c1de1f3\" data-element_type=\"section\" data-e-type=\"section\">\n\t\t\t\t\t\t<div class=\"elementor-container elementor-column-gap-default\">\n\t\t\t\t\t<div class=\"elementor-column elementor-col-100 elementor-top-column elementor-element elementor-element-76c873e3\" data-id=\"76c873e3\" data-element_type=\"column\" data-e-type=\"column\">\n\t\t\t<div class=\"elementor-widget-wrap elementor-element-populated\">\n\t\t\t\t\t\t<div class=\"elementor-element elementor-element-1e1a8b85 elementor-widget elementor-widget-text-editor\" data-id=\"1e1a8b85\" data-element_type=\"widget\" data-e-type=\"widget\" data-widget_type=\"text-editor.default\">\n\t\t\t\t\t\t\t\t\t<p>By agreeing to these Terms and Conditions, the User declares that they wish to use the online medical consultation service operated by MNN M\u00e9dico na Net, Lda, via the website <strong>mediconanet.co.uk<\/strong>.<\/p><p>The User agrees that, by registering as an authorised User of the site, he\/she declares that he\/she is of legal age or is the legal guardian of the minor or accompanied adult that the User has registered, and is resident in national territory.<\/p><p>In the event that, for any reason, they do not agree with its content, the User undertakes to terminate access to and\/or use of our services immediately.<\/p><p>The User undertakes not to register or use our services for anyone other than themselves.<\/p><p><strong>Services available:<\/strong><\/p><p>A Mediconanet.pt fornece servi\u00e7os online de consultas m\u00e9dicas e exames complementares por question\u00e1rio, que permitem o acesso a profissionais de sa\u00fade atrav\u00e9s de videoconfer\u00eancia.<\/p><p>The User will be assessed in a personalised way, taking into account the clinical history and health data they provide.<\/p><p>Os servi\u00e7os fornecidos compreendem videoconsulta m\u00e9dica, com marca\u00e7\u00e3o pr\u00e9via, tratamentos ou exames complementares por meio de question\u00e1rio revisto e validado por um m\u00e9dico.<\/p><p><u>Medical consultation by video or telephone: <\/u><\/p><p>After making an appointment, the patient is welcomed by a team of doctors and nurses, experienced professionals duly accredited by the Order of Physicians and the Order of Nurses.<\/p><p><u>Tratamentos m\u00e9dicos, exames complementares e atestados:<\/u><\/p><p>O Utente, responde a um question\u00e1rio cl\u00ednico, elaborado com utiliza\u00e7\u00e3o de todos os requisitos da melhor pr\u00e1tica m\u00e9dica, o qual, posteriormente ser\u00e1 validado por um m\u00e9dico que determinar\u00e1 a viabilidade de emiss\u00e3o de receitas e ou exames m\u00e9dicos. Os tratamentos finais autorizadas ser\u00e3o enviadas para o Utente por SMS ou e-mail.<\/p><p>IMPORTANT:<\/p><p>Mediconanet.pt services should never be used in the event of a medical emergency, life-threatening situations or situations that require a physical examination and face-to-face contact with a healthcare professional.<\/p><p><strong><em>This service does not replace the normal health care provided by Family Health Units or Hospitals and is not intended to respond to medical or psychological emergencies.<\/em><\/strong><\/p><p>In emergency situations, the User should consult a health professional in person, go to the nearest hospital emergency service or call the national emergency number (112).<\/p><p>Outside the scope of the services provided by mediconannet.pt, all information on the various health issues in general is merely general information and is not directed at the situation in which the User finds him\/herself as it cannot be personalised, so the application of these indications by the User to his\/her specific case is his\/her sole responsibility. mediconanet.pt is not responsible for the consequences of applying these indications to a specific case without medical supervision.<\/p><p><strong>Use of the platform:<\/strong><\/p><p>Video consultations require prior booking and require payment of the full consultation fee.<\/p><p>If technical difficulties arise during prior booking, the User should contact the helpdesk via chat or e-mail geral@mediconanet.pt.<\/p><p>Use of the mediconanet.pt platform by minors or accompanied adults requires the consent of their legal representative at the time of prior booking.<\/p><p>The legal representative must start the consultation together with their representative and present a document proving their identity (e.g. ID card) and relationship with the User.<\/p><p>The User is responsible for the veracity, accuracy and authenticity of the data provided.<\/p><p>The User who makes an appointment for someone else is responsible for ensuring that the data provided is up-to-date and true, and that the person who will benefit from the online appointment agrees to the appointment and to the Terms and Conditions and Privacy Policy.<\/p><p>Upon receipt of the amount and issue of the respective invoice, a notification will be sent to the User confirming the scheduling of the desired appointment.<\/p><p>The User is responsible for guaranteeing the necessary conditions for using mediconanet.pt's services, such as a computer or mobile device with a camera and microphone, internet access, sufficient battery power, suitable software and a location with the necessary privacy conditions.<\/p><p>mediconanet.pt cannot be held responsible for any of the above conditions not being met and, if the service cannot be carried out due to a lack of the necessary conditions, reserves the right not to refund or reschedule the service.<\/p><p>The health professional will start the consultation on the scheduled date and time, and the consultation room may be opened up 5 minutes in advance.<\/p><p>The Patient must access the room and ask to enter at the scheduled time.<\/p><p>A tolerance of 7 minutes after the scheduled time is given.<\/p><p>In the event of a delay without prior notice, and after the grace period, the appointment will be cancelled without a refund.<\/p><p>The User expressly declares that all the information they provide is correct, true and complete and that they are fully responsible for it.<\/p><p>MNN M\u00e9dico na Net, Lda shall not be held liable in any way whatsoever should the User provide incorrect, false or incomplete information to its services and professionals.<\/p><p>The User undertakes to immediately inform the doctors at mediconanet.co.uk of any side effects of the treatment and any other problems arising from the treatments provided through the website.<\/p><p>The User agrees to inform their family doctor about the medicines supplied and the advice given through the website.<\/p><p>A medica\u00e7\u00e3o \u00e9 feita de acordo com as informa\u00e7\u00f5es que o Utente fornece aos nossos m\u00e9dicos atrav\u00e9s do site ou por mensagens enviadas para a mediconanet.pt, por e-mail, WhatsApp ou telefone.<\/p><p>The User accepts that the site's advice is not a substitute for their family doctor and undertakes to consult their family doctor and other health professionals when advised by our doctors and as necessary.<\/p><p>We cannot be held responsible for any damage that may arise if you do not inform your family doctor or other health professional about the treatment or advice you receive on the website.<\/p><p>We cannot be held responsible for any damage resulting from failure to comply with the advice given on the website.<\/p><p>In the event that the User does not fully understand the questions in the evaluation part of the site or is unsure how to answer these questions, or does not fully understand the advice or information addressed to them on the site, they are obliged to seek clarification from the doctors on the site.<\/p><p>The User agrees that any medication prescribed by the site's doctors will be exclusively for their personal consumption and not for any other person and undertakes not to provide any such medication to any other person.<\/p><p>O Utente concorda que, antes de tomar qualquer medicamento recomendado pelos nossos m\u00e9dicos, ler\u00e1 todas as informa\u00e7\u00f5es que o m\u00e9dico lhe forneceu, tanto online quanto em formato impresso.<\/p><p>The User agrees that they will read the manufacturer's User Information Leaflet that accompanies the medicine and that they will follow all the advice that the dispensing pharmacist gives them.<\/p><p>Os tratamentos emitidos s\u00e3o inteiramente a crit\u00e9rio do m\u00e9dico.<\/p><p>mediconanet.co.uk cannot guarantee that a consultation with a doctor on mediconanet.co.uk will result in the issue of a prescription and\/or request for an examination or certificate.<\/p><p>Online enquiries made electronically from this Website will be attended to by a Doctor as soon as possible.<\/p><p>Mediconanet.co.uk is an online consultation service that relies on third-party networks and technology for communication and we cannot guarantee the time of arrival of consultation information to a doctor or absolutely guarantee that it will arrive.<\/p><p>If any of these terms are deemed invalid or unenforceable, the validity and enforceability of the remaining provisions shall not be affected.<\/p><p><strong>Personal details:<\/strong><\/p><p>The User gives his consent for his personal data, namely about his health, his medical history and the information that the User discloses as part of the online consultation evaluation to be visualised and exchanged by and between employees and the duly identified Mediconanet.co.uk doctor and for the purposes of carrying out the medical consultation.<\/p><p>The User understands that their personal information may be exchanged electronically.<\/p><p>MNN M\u00e9dico na Net, Lda reserves the right to contact the User directly in order to convey information within the scope of the services provided by the professionals who collaborate with the mediconanet.pt platform, in accordance with our Privacy Policy.<\/p><p>Por raz\u00f5es de seguran\u00e7a, os nossos m\u00e9dicos ou secretariado cl\u00ednico precisam de verificar a sua identidade no in\u00edcio de cada consulta. Caso no momento do contato o utilizador n\u00e3o tenha consigo a sua identifica\u00e7\u00e3o com fotografia, a consulta n\u00e3o ser\u00e1 realizada e n\u00e3o haver\u00e1 direito ao reembolso:\u00a0 Cart\u00e3o de Cidad\u00e3o, Passaporte ou Cart\u00e3o de Resid\u00eancia.<\/p><p><strong>\u00a0<\/strong><\/p><p><strong>Payments:<\/strong><\/p><p>The User is responsible for providing valid credit or debit card details and, by doing so, is authorising MNN M\u00e9dico na Net, Lda to receive full payment for the service and guarantees that they are authorised to use the card.<\/p><p>The prices charged by MNN M\u00e9dico na Net, Lda are clearly displayed on the mediconanet.pt website.<\/p><p><strong>Refund policy:<\/strong><\/p><p><u>Video consultations:<\/u><\/p><p>Online video consultations can be cancelled or rescheduled free of charge if requested more than 24 hours before the scheduled start time.<\/p><p>Users will be charged in full for any appointments cancelled or rescheduled within 24 hours of the appointment start time.<\/p><p>Users can cancel a video consultation online themselves.<\/p><p>All requests for rescheduling must be made by e-mail to geral@mediconanet.pt.<\/p><p>Refunds, if applicable, can only be made to the original credit or debit card and take between 1 and 10 working days to process.<\/p><p><strong>\u00a0<\/strong><\/p><p><u>Cancelamento e Reembolso on-line:<\/u><\/p><p>Solicita\u00e7\u00f5es de cancelamento e reembolso podem ser feitas dentro de 3 horas a partir do momento em que a compra foi feita, ou 3 horas no pr\u00f3ximo dia \u00fatil se a compra foi feita fora do nosso hor\u00e1rio normal de funcionamento (Segunda a Sexta, das 9h \u00e0s 20h, S\u00e1bado e Domingo, das 9h \u00e0s 20h.<\/p><p>Please note that refunds can only be made to the original credit or debit card and take between 1 and 10 working days to process.<\/p><p>Once the Cancellation Period has ended, and if our doctors have issued a prescription for the User, no refund will be allowed.<\/p><p>Se os nossos m\u00e9dicos recusarem determinado tratamento por ser considerado inseguro e\/ou medicamente inadequado para si, ser-lhe-\u00e1 oferecida uma alternativa segura (se dispon\u00edvel) ou ser-lhe-\u00e1 fornecido um plano de a\u00e7\u00e3o para a sua situa\u00e7\u00e3o cl\u00ednica espec\u00edfica.<\/p><p>Please note that refunds can only be made to the original credit or debit card and take between 1 and 10 working days to process.<\/p><p><strong>\u00a0<\/strong><\/p><p><strong>From the website: <\/strong><\/p><p>We retain the right to suspend, limit or terminate your access to this website at any time, as well as to change the form of access and even the format of enquiries, or other products or services you have purchased, making them available via other platforms or even in file form, in order to guarantee access for the time agreed at the time of purchase.<\/p><p>Likewise, we reserve the right to display, delete, edit, remove or modify any data, content, material or information displayed on https:\/\/staging.mediconanet.pt\/ or on any product associated with mediconanet.co.uk at any time. The same applies to mediconanet.co.uk's social networks.<\/p><p>Permitted use of our website:<\/p><p>It is only permitted to access and use this website for personal and non-commercial functions, which means that this website should only be accessed and used directly by private individuals. Access to and use of this website outside the context of personal, non-commercial functions is strictly prohibited.<\/p><p>You may not use this website:<\/p><ul><li>In any illegal, fraudulent or commercial way;<\/li><li>To get inside information on the market, specific brands or digital influencers;<\/li><li>To hurt, abuse, embarrass, defame, slander, threaten or harass another person or company, or in a way that invades another's privacy or is obscene, offensive, hateful, indecent, inappropriate, objectionable, unacceptable, discriminatory or harmful, as determined by us;<\/li><li>To use our content or our services and products for commercial purposes, namely to carry out commercial activity related to marketing and communication or other directly related activity;<\/li><li>To modify or reverse engineer any part of the website;<\/li><li>In a way that interferes with, disrupts or imposes an unreasonable or disproportionate additional burden on our communications and technical systems, as determined by us;<\/li><li>Using any automatic computer code, process, programme, robot, internet crawler, spider, data processor, trawler or screen scraping alternatives to computer code, process, programme or system.<\/li><\/ul><p><strong>Consultations:<\/strong><\/p><p>Online consultations consist of consultations made by video call on the iMED platform. This platform has been assessed by our Data Protection Officer (EPD\/DPO) as adequate from the point of view of compliance with the General Data Protection Regulation (GDPR) and the right to privacy of the parties involved.<\/p><p>All the user needs to do is activate a link that will be sent once the date and time have been set. Alternatively, the consultation can also be carried out by telephone if the User so requests, except for issuing medical certificates.<\/p><p>The identity of the patient is confirmed by the health professional at the beginning of each consultation.<\/p><p>Consultations will be carried out in Portuguese, English, Spanish or French, depending on the user's preference.<\/p><p>Durante a consulta ser\u00e3o fornecidas todas as informa\u00e7\u00f5es relevantes na \u00e1rea da sa\u00fade relativamente \u00e0 sua situa\u00e7\u00e3o cl\u00ednica, assim como esclarecimentos relativamente \u00e0 poss\u00edvel medica\u00e7\u00e3o. As receitas ser\u00e3o enviadas para o seu email ou por SMS.<\/p><p>It's very important that you explain your entire medical history and don't omit any information, otherwise the diagnosis could be delayed or altered.<\/p><p>The clinical decision of the health professional is based on the information provided by the User, and therefore the truthfulness and accuracy of this information is an essential condition for the provision of adequate care. mediconanet.pt is not responsible for situations arising from false, inaccurate or outdated information provided by the User.<\/p><p><em>NOTE: Accompaniment is on an individual basis (with exceptions such as group psychology consultations or when there is a request from the User authorised by the health professional, or when suggested by the health professional with the User's due authorisation).<\/em><\/p><p>Without prejudice, the health professional may refuse to continue the consultation if the User does not comply with the established rules, tries to obtain medication for sale or inappropriate use, insults or threatens the health professional, does not have the minimum conditions necessary to carry out the consultation, does not provide a calm, quiet environment with a high degree of confidentiality, or for other reasons that make the health professional uncomfortable. If the User does not have a good internet connection and the online consultation is not feasible, the professional reserves the right to terminate the consultation and reschedule or terminate the consultation by telephone call.<\/p><p>After each service, you will have the opportunity to leave comments for the other professional with whom you had the online consultation. Your comment must be brief and may not contain discriminatory, offensive or defamatory language. Comments are not checked by mediconanet.co.uk for accuracy and may be incorrect or misleading.<\/p><p><strong>Answers to questions and opening hours:<\/strong><\/p><p>All contacts must be made exclusively by email (geral@mediconanet.pt) or via the chat available on our website. Questions will not be answered by other means (social networks, in particular), nor will questions asked on non-working days (public holidays, weekends or holidays) or if they are, answers may be sent with a delay of at least 10 working days.\u00a0<\/p><p>For the purpose of replying to emails and messages on the platform, our customer service is open on working days from Monday to Friday, from 9am to 6pm (mainland Portugal time).<\/p><p>mediconanet.co.uk has taken great care in preparing the content of this website. To the fullest extent permitted by law, mediconanet.co.uk disclaims all warranties of any kind with regard to the content of this website.<\/p><p>Violation of the content of these Terms and Conditions implies immediate termination of the User's access to the site, as well as, if applicable, recourse to the courts.<\/p><p>MNN M\u00e9dico na Net, Lda reserves the right to make changes to these Terms and Conditions without prior notification.<\/p><p>The amended Terms and Conditions take effect from the date they are published on this website.<\/p><p>The User is obliged to check the Terms and Conditions whenever visiting this website and continued access and use of the website represents tacit acceptance of the amended Terms and Conditions.<\/p><p>Exclusive jurisdiction of Portuguese courts<\/p><p>The Site was created and is controlled by mediconanet.pt in Portugal.<\/p><p>These Terms and Conditions shall be governed by, construed and enforced in accordance with the laws of Portugal.<\/p><p>The User accepts the exclusive jurisdiction of the Portuguese Courts for the judgement of all conflicts arising from the use of this website and its Terms and Conditions.<\/p>\t\t\t\t\t\t\t\t<\/div>\n\t\t\t\t\t<\/div>\n\t\t<\/div>\n\t\t\t\t\t<\/div>\n\t\t<\/section>\n\t\t\t\t<\/div>","protected":false},"excerpt":{"rendered":"<p>Termos e Condi\u00e7\u00f5es de Servi\u00e7o Ao concordar com os presentes Termos e Condi\u00e7\u00f5es, o Utente declara que deseja utilizar o servi\u00e7o de consulta m\u00e9dica online operado pela MNN M\u00e9dico na Net, Lda, atrav\u00e9s do site mediconanet.pt. O Utente concorda que, ao registar-se como Utente autorizado do site, declara que \u00e9 maior de idade ou \u00e9 [&hellip;]<\/p>\n","protected":false},"author":1,"featured_media":0,"parent":0,"menu_order":0,"comment_status":"closed","ping_status":"closed","template":"","meta":{"footnotes":""},"class_list":["post-1639","page","type-page","status-publish","hentry"],"jetpack_sharing_enabled":true,"_links":{"self":[{"href":"https:\/\/staging.mediconanet.pt\/en\/wp-json\/wp\/v2\/pages\/1639","targetHints":{"allow":["GET"]}}],"collection":[{"href":"https:\/\/staging.mediconanet.pt\/en\/wp-json\/wp\/v2\/pages"}],"about":[{"href":"https:\/\/staging.mediconanet.pt\/en\/wp-json\/wp\/v2\/types\/page"}],"author":[{"embeddable":true,"href":"https:\/\/staging.mediconanet.pt\/en\/wp-json\/wp\/v2\/users\/1"}],"replies":[{"embeddable":true,"href":"https:\/\/staging.mediconanet.pt\/en\/wp-json\/wp\/v2\/comments?post=1639"}],"version-history":[{"count":3,"href":"https:\/\/staging.mediconanet.pt\/en\/wp-json\/wp\/v2\/pages\/1639\/revisions"}],"predecessor-version":[{"id":62190,"href":"https:\/\/staging.mediconanet.pt\/en\/wp-json\/wp\/v2\/pages\/1639\/revisions\/62190"}],"wp:attachment":[{"href":"https:\/\/staging.mediconanet.pt\/en\/wp-json\/wp\/v2\/media?parent=1639"}],"curies":[{"name":"wp","href":"https:\/\/api.w.org\/{rel}","templated":true}]}}