{"id":11106,"date":"2024-12-17T06:59:02","date_gmt":"2024-12-17T06:59:02","guid":{"rendered":"https:\/\/www.mediconanet.pt\/?page_id=11106"},"modified":"2025-10-14T17:57:52","modified_gmt":"2025-10-14T16:57:52","slug":"my-account","status":"publish","type":"page","link":"https:\/\/staging.mediconanet.pt\/en\/my-account\/","title":{"rendered":"My account"},"content":{"rendered":"<div data-elementor-type=\"wp-page\" data-elementor-id=\"11106\" class=\"elementor elementor-11106\" data-elementor-post-type=\"page\">\n\t\t\t\t\t\t<section class=\"elementor-section elementor-top-section elementor-element elementor-element-1d1eea53 elementor-section-boxed elementor-section-height-default elementor-section-height-default\" data-id=\"1d1eea53\" data-element_type=\"section\" data-e-type=\"section\" data-settings=\"{&quot;background_background&quot;:&quot;classic&quot;}\">\n\t\t\t\t\t\t<div class=\"elementor-container elementor-column-gap-default\">\n\t\t\t\t\t<div class=\"elementor-column elementor-col-100 elementor-top-column elementor-element elementor-element-5f550eb5\" data-id=\"5f550eb5\" data-element_type=\"column\" data-e-type=\"column\">\n\t\t\t<div class=\"elementor-widget-wrap elementor-element-populated\">\n\t\t\t\t\t\t<div class=\"elementor-element elementor-element-8c80cdc elementor-widget elementor-widget-heading\" data-id=\"8c80cdc\" data-element_type=\"widget\" data-e-type=\"widget\" data-widget_type=\"heading.default\">\n\t\t\t\t\t<h1 class=\"elementor-heading-title elementor-size-default\">My Account<\/h1>\t\t\t\t<\/div>\n\t\t\t\t<div class=\"elementor-element elementor-element-c3ffefd e-my-account-tabs-vertical elementor-widget elementor-widget-woocommerce-my-account\" data-id=\"c3ffefd\" data-element_type=\"widget\" data-e-type=\"widget\" data-settings=\"{&quot;customize_dashboard_check&quot;:&quot;yes&quot;}\" data-widget_type=\"woocommerce-my-account.default\">\n\t\t\t\t\t<div class=\"e-my-account-tab e-my-account-tab__\">\t\t\t<div class=\"woocommerce\"><\/div>\t\t<\/div>\n\t\t\t\t\t\t<\/div>\n\t\t\t\t\t<\/div>\n\t\t<\/div>\n\t\t\t\t\t<\/div>\n\t\t<\/section>\n\t\t\t\t<\/div>","protected":false},"excerpt":{"rendered":"<p>Minha Conta Dashboard Pedidos Downloads Moradas M\u00e9todos de Pagamento Detalhes Conta Logout Ol\u00e1 Marco Brantner (n\u00e3o \u00e9 Marco Brantner? Sair) No painel da sua conta pode ver as encomendas mais recentes, gerir as moradas de envio e de factura\u00e7\u00e3o e editar os detalhes e a senha da conta.<\/p>","protected":false},"author":1,"featured_media":0,"parent":0,"menu_order":0,"comment_status":"closed","ping_status":"closed","template":"","meta":{"footnotes":""},"class_list":["post-11106","page","type-page","status-publish","hentry"],"jetpack_sharing_enabled":true,"_links":{"self":[{"href":"https:\/\/staging.mediconanet.pt\/en\/wp-json\/wp\/v2\/pages\/11106","targetHints":{"allow":["GET"]}}],"collection":[{"href":"https:\/\/staging.mediconanet.pt\/en\/wp-json\/wp\/v2\/pages"}],"about":[{"href":"https:\/\/staging.mediconanet.pt\/en\/wp-json\/wp\/v2\/types\/page"}],"author":[{"embeddable":true,"href":"https:\/\/staging.mediconanet.pt\/en\/wp-json\/wp\/v2\/users\/1"}],"replies":[{"embeddable":true,"href":"https:\/\/staging.mediconanet.pt\/en\/wp-json\/wp\/v2\/comments?post=11106"}],"version-history":[{"count":0,"href":"https:\/\/staging.mediconanet.pt\/en\/wp-json\/wp\/v2\/pages\/11106\/revisions"}],"wp:attachment":[{"href":"https:\/\/staging.mediconanet.pt\/en\/wp-json\/wp\/v2\/media?parent=11106"}],"curies":[{"name":"wp","href":"https:\/\/api.w.org\/{rel}","templated":true}]}}